{"id":22633,"date":"2025-08-01T09:27:48","date_gmt":"2025-08-01T07:27:48","guid":{"rendered":"https:\/\/new.barcelonatribuna.com\/?page_id=22633"},"modified":"2025-09-29T09:48:17","modified_gmt":"2025-09-29T07:48:17","slug":"comision-de-investigacion","status":"publish","type":"page","link":"https:\/\/www.amicsdelpais.com\/es\/comision-de-investigacion\/","title":{"rendered":"Comisi\u00f3n de Investigaci\u00f3n"},"content":{"rendered":"<style>.kb-row-layout-id22633_9daaab-18 > .kt-row-column-wrap{align-content:start;}:where(.kb-row-layout-id22633_9daaab-18 > .kt-row-column-wrap) > .wp-block-kadence-column{justify-content:start;}.kb-row-layout-id22633_9daaab-18 > .kt-row-column-wrap{column-gap:80px;row-gap:var(--global-kb-gap-md, 2rem);padding-top:0px;padding-bottom:40px;grid-template-columns:minmax(0, calc(65% - ((80px * 1 )\/2)))minmax(0, calc(35% - ((80px * 1 )\/2)));}.kb-row-layout-id22633_9daaab-18 > .kt-row-layout-overlay{opacity:0.30;}@media all and (max-width: 1024px){.kb-row-layout-id22633_9daaab-18 > .kt-row-column-wrap{grid-template-columns:minmax(0, 2fr) minmax(0, 1fr);}}@media all and (max-width: 767px){.kb-row-layout-id22633_9daaab-18 > .kt-row-column-wrap{grid-template-columns:minmax(0, 1fr);}}<\/style><div class=\"kb-row-layout-wrap kb-row-layout-id22633_9daaab-18 alignnone header_inside_01 wp-block-kadence-rowlayout\"><div class=\"kt-row-column-wrap kt-has-2-columns kt-row-layout-left-golden kt-tab-layout-inherit kt-mobile-layout-row kt-row-valign-top\">\n<style>.kadence-column22633_d9f614-c4 > .kt-inside-inner-col,.kadence-column22633_d9f614-c4 > .kt-inside-inner-col:before{border-top-left-radius:0px;border-top-right-radius:0px;border-bottom-right-radius:0px;border-bottom-left-radius:0px;}.kadence-column22633_d9f614-c4 > .kt-inside-inner-col{column-gap:var(--global-kb-gap-sm, 1rem);}.kadence-column22633_d9f614-c4 > .kt-inside-inner-col{flex-direction:column;}.kadence-column22633_d9f614-c4 > .kt-inside-inner-col > .aligncenter{width:100%;}.kadence-column22633_d9f614-c4 > .kt-inside-inner-col:before{opacity:0.3;}.kadence-column22633_d9f614-c4{position:relative;}@media all and (max-width: 1024px){.kadence-column22633_d9f614-c4 > .kt-inside-inner-col{flex-direction:column;justify-content:center;}}@media all and (max-width: 767px){.kadence-column22633_d9f614-c4 > .kt-inside-inner-col{flex-direction:column;justify-content:center;}}<\/style>\n<div class=\"wp-block-kadence-column kadence-column22633_d9f614-c4\"><div class=\"kt-inside-inner-col\">\n<p><a href=\"https:\/\/www.amicsdelpais.com\/es\/comisiones-de-trabajo-de-amics-del-pais\/\">Comisiones de trabajo<\/a><\/p>\n\n\n\n<h1 class=\"wp-block-heading\">Comisi\u00f3n de Investigaci\u00f3n<\/h1>\n\n\n\n<h2 class=\"wp-block-heading h5\">Foro de opini\u00f3n y debate plural e internacional con destacadas personalidades del mundo cient\u00edfico.<\/h2>\n<\/div><\/div>\n\n\n<style>.kadence-column22633_c61cd6-d0 > .kt-inside-inner-col,.kadence-column22633_c61cd6-d0 > .kt-inside-inner-col:before{border-top-left-radius:0px;border-top-right-radius:0px;border-bottom-right-radius:0px;border-bottom-left-radius:0px;}.kadence-column22633_c61cd6-d0 > .kt-inside-inner-col{column-gap:var(--global-kb-gap-sm, 1rem);}.kadence-column22633_c61cd6-d0 > .kt-inside-inner-col{flex-direction:column;}.kadence-column22633_c61cd6-d0 > .kt-inside-inner-col > .aligncenter{width:100%;}.kadence-column22633_c61cd6-d0 > .kt-inside-inner-col:before{opacity:0.3;}.kadence-column22633_c61cd6-d0{position:relative;}@media all and (max-width: 1024px){.kadence-column22633_c61cd6-d0 > .kt-inside-inner-col{flex-direction:column;justify-content:center;}}@media all and (max-width: 767px){.kadence-column22633_c61cd6-d0 > .kt-inside-inner-col{flex-direction:column;justify-content:center;}}<\/style>\n<div class=\"wp-block-kadence-column kadence-column22633_c61cd6-d0\"><div class=\"kt-inside-inner-col\"><style>.wp-block-kadence-navigation22707-cpt-id{--kb-nav-dropdown-border-top-left-radius:0px;--kb-nav-dropdown-border-top-right-radius:0px;--kb-nav-dropdown-border-bottom-right-radius:0px;--kb-nav-dropdown-border-bottom-left-radius:0px;--kb-nav-dropdown-border-radius-top:0px;--kb-nav-dropdown-border-radius-right:0px;--kb-nav-dropdown-border-radius-bottom:0px;--kb-nav-dropdown-border-radius-left:0px;--kb-nav-top-not-last-link-border-right:var(--kb-nav-link-border-right);}.header-desktop-transparent .wp-block-kadence-navigation22707-cpt-id{--kb-nav-top-not-last-link-border-right:var(--kb-nav-link-border-right);}.item-is-stuck .wp-block-kadence-navigation22707-cpt-id{--kb-nav-top-not-last-link-border-right:var(--kb-nav-link-border-right);}.wp-block-kadence-navigation22707-cpt-id{--kb-nav-top-link-margin-bottom:7px;--kb-nav-top-link-color:var(--global-palette3, #1A202C);}@media all and (max-width: 1024px){.wp-block-kadence-navigation22707-cpt-id{--kb-nav-top-not-last-link-border-right:var(--kb-nav-link-border-right);}}@media all and (max-width: 1024px){.header-tablet-transparent .wp-block-kadence-navigation22707-cpt-id{--kb-nav-top-not-last-link-border-right:var(--kb-nav-link-border-right);}}@media all and (max-width: 1024px){.item-is-stuck .wp-block-kadence-navigation22707-cpt-id{--kb-nav-top-not-last-link-border-right:var(--kb-nav-link-border-right);}}@media all and (max-width: 767px){.wp-block-kadence-navigation22707-cpt-id{--kb-nav-top-not-last-link-border-right:var(--kb-nav-link-border-right);}.header-mobile-transparent .wp-block-kadence-navigation22707-cpt-id{--kb-nav-top-not-last-link-border-right:var(--kb-nav-link-border-right);}.item-is-stuck .wp-block-kadence-navigation22707-cpt-id{--kb-nav-top-not-last-link-border-right:var(--kb-nav-link-border-right);}}<\/style><div class=\"wp-block-kadence-navigation22707-cpt-id kb-nav-desktop-horizontal-layout-standard kb-nav-tablet-horizontal-layout-standard kb-nav-mobile-horizontal-layout-standard navigation-desktop-layout-fill-stretch-false navigation-tablet-layout-fill-stretch-false navigation-mobile-layout-fill-stretch-false navigation-desktop-orientation-vertical navigation-tablet-orientation-vertical navigation-mobile-orientation-vertical menu_interior_01 wp-block-kadence-navigation\" data-scroll-spy=\"\"><nav class=\"navigation navigation-desktop-style-standard navigation-tablet-style-standard navigation-mobile-style-standard navigation-desktop-dropdown-animation-none navigation-tablet-dropdown-animation-none navigation-mobile-dropdown-animation-none navigation-desktop-collapse-sub-menus-true navigation-tablet-collapse-sub-menus-true navigation-mobile-collapse-sub-menus-true navigation-desktop-parent-toggles-menus-false navigation-tablet-parent-toggles-menus-false navigation-mobile-parent-toggles-menus-false navigation-desktop-parent-active-false navigation-tablet-parent-active-false navigation-mobile-parent-active-false\"><div class=\"menu-container\"><ul class=\"kb-navigation menu collapse-sub-nav-desktop-true collapse-sub-nav-tablet-true collapse-sub-nav-mobile-true\">\n<style>.kb-nav-link-oqh1kh1w4 > .kb-link-wrap.kb-link-wrap.kb-link-wrap.kb-link-wrap{--kb-nav-link-highlight-order:3;--kb-nav-link-highlight-icon-order:3;}.kb-nav-link-oqh1kh1w4 > .kb-link-wrap.kb-link-wrap.kb-link-wrap.kb-link-wrap{--kb-nav-link-media-max-width:px;}<\/style><li class=\"wp-block-kadence-navigation-link kb-nav-link-oqh1kh1w4 menu-item wp-block-kadence-navigation-link\"><div class=\"kb-link-wrap\"><a class=\"kb-nav-link-content\" href=\"https:\/\/www.amicsdelpais.com\/es\/comision-barcelona-tribuna\/\">Comisi\u00f3n Barcelona Tribuna<\/a><\/div><\/li>\n\n<style>.kb-nav-link-szpketi94 > .kb-link-wrap.kb-link-wrap.kb-link-wrap.kb-link-wrap{--kb-nav-link-highlight-order:3;--kb-nav-link-highlight-icon-order:3;}.kb-nav-link-szpketi94 > .kb-link-wrap.kb-link-wrap.kb-link-wrap.kb-link-wrap{--kb-nav-link-media-max-width:px;}<\/style><li class=\"wp-block-kadence-navigation-link kb-nav-link-szpketi94 menu-item wp-block-kadence-navigation-link\"><div class=\"kb-link-wrap\"><a class=\"kb-nav-link-content\" href=\"https:\/\/www.amicsdelpais.com\/es\/cercle-per-al-coneixement\/\">Cercle per al coneixement<\/a><\/div><\/li>\n\n<style>.kb-nav-link-1u3tpphqt > .kb-link-wrap.kb-link-wrap.kb-link-wrap.kb-link-wrap{--kb-nav-link-highlight-order:3;--kb-nav-link-highlight-icon-order:3;}.kb-nav-link-1u3tpphqt > .kb-link-wrap.kb-link-wrap.kb-link-wrap.kb-link-wrap{--kb-nav-link-media-max-width:px;}<\/style><li class=\"wp-block-kadence-navigation-link kb-nav-link-1u3tpphqt menu-item wp-block-kadence-navigation-link\"><div class=\"kb-link-wrap\"><a class=\"kb-nav-link-content\" href=\"https:\/\/www.amicsdelpais.com\/es\/cercle-financer\/\">Cercle Financer<\/a><\/div><\/li>\n\n<style>.kb-nav-link-gdmlbfjsy > .kb-link-wrap.kb-link-wrap.kb-link-wrap.kb-link-wrap{--kb-nav-link-highlight-order:3;--kb-nav-link-highlight-icon-order:3;}.kb-nav-link-gdmlbfjsy > .kb-link-wrap.kb-link-wrap.kb-link-wrap.kb-link-wrap{--kb-nav-link-media-max-width:px;}<\/style><li class=\"wp-block-kadence-navigation-link kb-nav-link-gdmlbfjsy menu-item wp-block-kadence-navigation-link\"><div class=\"kb-link-wrap\"><a class=\"kb-nav-link-content\" href=\"https:\/\/www.amicsdelpais.com\/es\/comision-de-economia\/\">Econom\u00eda<\/a><\/div><\/li>\n\n<style>.kb-nav-link-rxuz3zxde > .kb-link-wrap.kb-link-wrap.kb-link-wrap.kb-link-wrap{--kb-nav-link-highlight-order:3;--kb-nav-link-highlight-icon-order:3;}.kb-nav-link-rxuz3zxde > .kb-link-wrap.kb-link-wrap.kb-link-wrap.kb-link-wrap{--kb-nav-link-media-max-width:px;}<\/style><li class=\"wp-block-kadence-navigation-link kb-nav-link-rxuz3zxde menu-item wp-block-kadence-navigation-link\"><div class=\"kb-link-wrap\"><a class=\"kb-nav-link-content\" href=\"https:\/\/www.amicsdelpais.com\/es\/comision-de-deporte-y-olimpismo\/\">Deporte y Olimpismo<\/a><\/div><\/li>\n\n<style>.kb-nav-link-ll13hcmzz > .kb-link-wrap.kb-link-wrap.kb-link-wrap.kb-link-wrap{--kb-nav-link-highlight-order:3;--kb-nav-link-highlight-icon-order:3;}.kb-nav-link-ll13hcmzz > .kb-link-wrap.kb-link-wrap.kb-link-wrap.kb-link-wrap{--kb-nav-link-media-max-width:px;}<\/style><li class=\"wp-block-kadence-navigation-link kb-nav-link-ll13hcmzz menu-item wp-block-kadence-navigation-link\"><div class=\"kb-link-wrap\"><a class=\"kb-nav-link-content\" href=\"https:\/\/www.amicsdelpais.com\/es\/comision-de-cultura\/\">Cultura<\/a><\/div><\/li>\n\n<style>.kb-nav-link-1fd40kyas > .kb-link-wrap.kb-link-wrap.kb-link-wrap.kb-link-wrap{--kb-nav-link-highlight-order:3;--kb-nav-link-highlight-icon-order:3;}.kb-nav-link-1fd40kyas > .kb-link-wrap.kb-link-wrap.kb-link-wrap.kb-link-wrap{--kb-nav-link-media-max-width:px;}<\/style><li class=\"wp-block-kadence-navigation-link kb-nav-link-1fd40kyas menu-item wp-block-kadence-navigation-link\"><div class=\"kb-link-wrap\"><a class=\"kb-nav-link-content\" href=\"https:\/\/www.amicsdelpais.com\/es\/comision-de-investigacion\/\">Investigaci\u00f3n<\/a><\/div><\/li>\n\n<style>.kb-nav-link-2guyigb05 > .kb-link-wrap.kb-link-wrap.kb-link-wrap.kb-link-wrap{--kb-nav-link-highlight-order:3;--kb-nav-link-highlight-icon-order:3;}.kb-nav-link-2guyigb05 > .kb-link-wrap.kb-link-wrap.kb-link-wrap.kb-link-wrap{--kb-nav-link-media-max-width:px;}<\/style><li class=\"wp-block-kadence-navigation-link kb-nav-link-2guyigb05 menu-item wp-block-kadence-navigation-link\"><div class=\"kb-link-wrap\"><a class=\"kb-nav-link-content\" href=\"https:\/\/www.amicsdelpais.com\/es\/comision-de-salud\/\">Salud<\/a><\/div><\/li>\n\n<style>.kb-nav-link-ggui5zx7z > .kb-link-wrap.kb-link-wrap.kb-link-wrap.kb-link-wrap{--kb-nav-link-highlight-order:3;--kb-nav-link-highlight-icon-order:3;}.kb-nav-link-ggui5zx7z > .kb-link-wrap.kb-link-wrap.kb-link-wrap.kb-link-wrap{--kb-nav-link-media-max-width:px;}<\/style><li class=\"wp-block-kadence-navigation-link kb-nav-link-ggui5zx7z menu-item wp-block-kadence-navigation-link\"><div class=\"kb-link-wrap\"><a class=\"kb-nav-link-content\" href=\"https:\/\/www.amicsdelpais.com\/es\/comision-de-tecnologia-y-sociedad-de-la-informacion\/\">Tecnolog\u00eda y Sociedad de la Informaci\u00f3n<\/a><\/div><\/li>\n<\/ul><\/div><\/nav><\/div><\/div><\/div>\n\n<\/div><\/div>\n\n\n<h2 class=\"wp-block-heading\">Actividad recente<\/h2>\n\n\n\n<p><a href=\"#\"><\/a><br>Pendiente de elaboraci\u00f3n.<br><\/p>\n\n\n<style>.kb-row-layout-id22856_13010e-12 > .kt-row-column-wrap{align-content:start;}:where(.kb-row-layout-id22856_13010e-12 > .kt-row-column-wrap) > .wp-block-kadence-column{justify-content:start;}.kb-row-layout-id22856_13010e-12 > .kt-row-column-wrap{column-gap:60px;row-gap:var(--global-kb-gap-md, 2rem);max-width:1280px;margin-left:auto;margin-right:auto;padding-top:var(--global-kb-spacing-sm, 1.5rem);padding-bottom:var(--global-kb-spacing-sm, 1.5rem);grid-template-columns:minmax(0, calc(75% - ((60px * 1 )\/2)))minmax(0, calc(25% - ((60px * 1 )\/2)));}.kb-row-layout-id22856_13010e-12{background-color:#fecc8c;}.kb-row-layout-id22856_13010e-12 > .kt-row-layout-overlay{opacity:0.30;}@media all and (max-width: 1024px){.kb-row-layout-id22856_13010e-12 > .kt-row-column-wrap{column-gap:var(--global-kb-gap-sm, 1rem);grid-template-columns:repeat(2, minmax(0, 1fr));}}@media all and (max-width: 767px){.kb-row-layout-id22856_13010e-12 > .kt-row-column-wrap{grid-template-columns:minmax(0, 1fr);}}<\/style><div class=\"kb-row-layout-wrap kb-row-layout-id22856_13010e-12 alignfull kt-row-has-bg block_newsletter version_large wp-block-kadence-rowlayout\"><div class=\"kt-row-column-wrap kt-has-2-columns kt-row-layout-equal kt-tab-layout-inherit kt-mobile-layout-row kt-row-valign-top\">\n<style>.kadence-column22856_baf1fb-41 > .kt-inside-inner-col{display:flex;}.kadence-column22856_baf1fb-41 > .kt-inside-inner-col,.kadence-column22856_baf1fb-41 > .kt-inside-inner-col:before{border-top-left-radius:0px;border-top-right-radius:0px;border-bottom-right-radius:0px;border-bottom-left-radius:0px;}.kadence-column22856_baf1fb-41 > .kt-inside-inner-col{column-gap:var(--global-kb-gap-sm, 1rem);}.kadence-column22856_baf1fb-41 > .kt-inside-inner-col{flex-direction:column;justify-content:center;}.kadence-column22856_baf1fb-41 > .kt-inside-inner-col > .aligncenter{width:100%;}.kt-row-column-wrap > .kadence-column22856_baf1fb-41{align-self:center;}.kt-inner-column-height-full:not(.kt-has-1-columns) > .wp-block-kadence-column.kadence-column22856_baf1fb-41{align-self:auto;}.kt-inner-column-height-full:not(.kt-has-1-columns) > .wp-block-kadence-column.kadence-column22856_baf1fb-41 > .kt-inside-inner-col{flex-direction:column;justify-content:center;}.kadence-column22856_baf1fb-41 > .kt-inside-inner-col:before{opacity:0.3;}.kadence-column22856_baf1fb-41{position:relative;}@media all and (max-width: 1024px){.kt-row-column-wrap > .kadence-column22856_baf1fb-41{align-self:center;}}@media all and (max-width: 1024px){.kt-inner-column-height-full:not(.kt-has-1-columns) > .wp-block-kadence-column.kadence-column22856_baf1fb-41{align-self:auto;}}@media all and (max-width: 1024px){.kt-inner-column-height-full:not(.kt-has-1-columns) > .wp-block-kadence-column.kadence-column22856_baf1fb-41 > .kt-inside-inner-col{flex-direction:column;justify-content:center;}}@media all and (max-width: 1024px){.kadence-column22856_baf1fb-41 > .kt-inside-inner-col{flex-direction:column;justify-content:center;}}@media all and (max-width: 767px){.kadence-column22856_baf1fb-41 > .kt-inside-inner-col{padding-right:80px;flex-direction:column;justify-content:center;}.kt-row-column-wrap > .kadence-column22856_baf1fb-41{align-self:center;}.kt-inner-column-height-full:not(.kt-has-1-columns) > .wp-block-kadence-column.kadence-column22856_baf1fb-41{align-self:auto;}.kt-inner-column-height-full:not(.kt-has-1-columns) > .wp-block-kadence-column.kadence-column22856_baf1fb-41 > .kt-inside-inner-col{flex-direction:column;justify-content:center;}}<\/style>\n<div class=\"wp-block-kadence-column kadence-column22856_baf1fb-41\"><div class=\"kt-inside-inner-col\">\n<h2 class=\"wp-block-heading h1\">Subscripci\u00f3n a nuestro newsletter<\/h2>\n\n\n\n<p>Suscr\u00edbete a nuestros newsletter para estar al d\u00eda de todo lo que hacemos. Recibir\u00e1s el <strong>Newsletter de Amics del Pa\u00eds<\/strong> y el <strong>Newsletter de Barcelona Tribuna<\/strong> con informaci\u00f3n sobre nuestras actividades y noticias destacadas con las convocatorias y novedades de las conferencias que organizamos.<\/p>\n<\/div><\/div>\n\n\n<style>.kadence-column22856_8871d5-f4 > .kt-inside-inner-col{display:flex;}.kadence-column22856_8871d5-f4 > .kt-inside-inner-col,.kadence-column22856_8871d5-f4 > .kt-inside-inner-col:before{border-top-left-radius:0px;border-top-right-radius:0px;border-bottom-right-radius:0px;border-bottom-left-radius:0px;}.kadence-column22856_8871d5-f4 > .kt-inside-inner-col{column-gap:var(--global-kb-gap-sm, 1rem);}.kadence-column22856_8871d5-f4 > .kt-inside-inner-col{flex-direction:column;justify-content:center;}.kadence-column22856_8871d5-f4 > .kt-inside-inner-col > .aligncenter{width:100%;}.kt-row-column-wrap > .kadence-column22856_8871d5-f4{align-self:center;}.kt-inner-column-height-full:not(.kt-has-1-columns) > .wp-block-kadence-column.kadence-column22856_8871d5-f4{align-self:auto;}.kt-inner-column-height-full:not(.kt-has-1-columns) > .wp-block-kadence-column.kadence-column22856_8871d5-f4 > .kt-inside-inner-col{flex-direction:column;justify-content:center;}.kadence-column22856_8871d5-f4 > .kt-inside-inner-col:before{opacity:0.3;}.kadence-column22856_8871d5-f4{position:relative;}@media all and (max-width: 1024px){.kt-row-column-wrap > .kadence-column22856_8871d5-f4{align-self:center;}}@media all and (max-width: 1024px){.kt-inner-column-height-full:not(.kt-has-1-columns) > .wp-block-kadence-column.kadence-column22856_8871d5-f4{align-self:auto;}}@media all and (max-width: 1024px){.kt-inner-column-height-full:not(.kt-has-1-columns) > .wp-block-kadence-column.kadence-column22856_8871d5-f4 > .kt-inside-inner-col{flex-direction:column;justify-content:center;}}@media all and (max-width: 1024px){.kadence-column22856_8871d5-f4 > .kt-inside-inner-col{flex-direction:column;justify-content:center;}}@media all and (max-width: 767px){.kadence-column22856_8871d5-f4 > .kt-inside-inner-col{padding-right:80px;flex-direction:column;justify-content:center;}.kt-row-column-wrap > .kadence-column22856_8871d5-f4{align-self:center;}.kt-inner-column-height-full:not(.kt-has-1-columns) > .wp-block-kadence-column.kadence-column22856_8871d5-f4{align-self:auto;}.kt-inner-column-height-full:not(.kt-has-1-columns) > .wp-block-kadence-column.kadence-column22856_8871d5-f4 > .kt-inside-inner-col{flex-direction:column;justify-content:center;}}<\/style>\n<div class=\"wp-block-kadence-column kadence-column22856_8871d5-f4\"><div class=\"kt-inside-inner-col\">\n<div class=\"wp-block-buttons is-layout-flex wp-block-buttons-is-layout-flex\">\n<div class=\"wp-block-button\"><a class=\"wp-block-button__link wp-element-button\" href=\"https:\/\/www.amicsdelpais.com\/es\/suscripcion-boletin-electronico\/\">Ir a la suscripci\u00f3n<\/a><\/div>\n<\/div>\n<\/div><\/div>\n\n<\/div><\/div>","protected":false},"excerpt":{"rendered":"<p>Comisiones de trabajo Comisi\u00f3n de Investigaci\u00f3n Foro de opini\u00f3n y debate plural e internacional con destacadas personalidades del mundo cient\u00edfico. Actividad recente Pendiente de elaboraci\u00f3n.<\/p>\n","protected":false},"author":3,"featured_media":0,"parent":0,"menu_order":0,"comment_status":"closed","ping_status":"closed","template":"","meta":{"inline_featured_image":false,"_kad_blocks_custom_css":"","_kad_blocks_head_custom_js":"","_kad_blocks_body_custom_js":"","_kad_blocks_footer_custom_js":"","_price":"","_stock":"","_tribe_ticket_header":"","_tribe_default_ticket_provider":"","_ticket_start_date":"","_ticket_end_date":"","_tribe_ticket_show_description":"","_tribe_ticket_show_not_going":false,"_tribe_ticket_use_global_stock":"","_tribe_ticket_global_stock_level":"","_global_stock_mode":"","_global_stock_cap":"","_tribe_rsvp_for_event":"","_tribe_ticket_going_count":"","_tribe_ticket_not_going_count":"","_tribe_tickets_list":"[]","_tribe_ticket_has_attendee_info_fields":false,"_kad_post_transparent":"","_kad_post_title":"","_kad_post_layout":"","_kad_post_sidebar_id":"","_kad_post_content_style":"","_kad_post_vertical_padding":"","_kad_post_feature":"","_kad_post_feature_position":"","_kad_post_header":false,"_kad_post_footer":false,"_kad_post_classname":"","footnotes":""},"class_list":["post-22633","page","type-page","status-publish","hentry"],"taxonomy_info":[],"featured_image_src_large":false,"author_info":{"display_name":"Llu\u00eds Jard\u00ed","author_link":"https:\/\/www.amicsdelpais.com\/es\/author\/ideadmin\/"},"comment_info":0,"_links":{"self":[{"href":"https:\/\/www.amicsdelpais.com\/es\/wp-json\/wp\/v2\/pages\/22633","targetHints":{"allow":["GET"]}}],"collection":[{"href":"https:\/\/www.amicsdelpais.com\/es\/wp-json\/wp\/v2\/pages"}],"about":[{"href":"https:\/\/www.amicsdelpais.com\/es\/wp-json\/wp\/v2\/types\/page"}],"author":[{"embeddable":true,"href":"https:\/\/www.amicsdelpais.com\/es\/wp-json\/wp\/v2\/users\/3"}],"replies":[{"embeddable":true,"href":"https:\/\/www.amicsdelpais.com\/es\/wp-json\/wp\/v2\/comments?post=22633"}],"version-history":[{"count":4,"href":"https:\/\/www.amicsdelpais.com\/es\/wp-json\/wp\/v2\/pages\/22633\/revisions"}],"predecessor-version":[{"id":31011,"href":"https:\/\/www.amicsdelpais.com\/es\/wp-json\/wp\/v2\/pages\/22633\/revisions\/31011"}],"wp:attachment":[{"href":"https:\/\/www.amicsdelpais.com\/es\/wp-json\/wp\/v2\/media?parent=22633"}],"curies":[{"name":"wp","href":"https:\/\/api.w.org\/{rel}","templated":true}]}}