{"id":22593,"date":"2025-08-01T08:52:04","date_gmt":"2025-08-01T06:52:04","guid":{"rendered":"https:\/\/new.barcelonatribuna.com\/?page_id=22593"},"modified":"2025-08-05T11:38:33","modified_gmt":"2025-08-05T09:38:33","slug":"premio-alexandre-pedros","status":"publish","type":"page","link":"https:\/\/www.amicsdelpais.com\/es\/premio-alexandre-pedros\/","title":{"rendered":"Premio Alexandre Pedr\u00f3s"},"content":{"rendered":"<style>.kb-row-layout-id22593_fb96e3-6a > .kt-row-column-wrap{align-content:start;}:where(.kb-row-layout-id22593_fb96e3-6a > .kt-row-column-wrap) > .wp-block-kadence-column{justify-content:start;}.kb-row-layout-id22593_fb96e3-6a > .kt-row-column-wrap{column-gap:40px;row-gap:var(--global-kb-gap-md, 2rem);padding-top:0px;padding-bottom:80px;grid-template-columns:minmax(0, 2fr) minmax(0, 1fr);}.kb-row-layout-id22593_fb96e3-6a > .kt-row-layout-overlay{opacity:0.30;}@media all and (max-width: 1024px){.kb-row-layout-id22593_fb96e3-6a > .kt-row-column-wrap{grid-template-columns:minmax(0, 2fr) minmax(0, 1fr);}}@media all and (max-width: 767px){.kb-row-layout-id22593_fb96e3-6a > .kt-row-column-wrap{grid-template-columns:minmax(0, 1fr);}}<\/style><div class=\"kb-row-layout-wrap kb-row-layout-id22593_fb96e3-6a alignnone header_inside_01 wp-block-kadence-rowlayout\"><div class=\"kt-row-column-wrap kt-has-2-columns kt-row-layout-left-golden kt-tab-layout-inherit kt-mobile-layout-row kt-row-valign-top\">\n<style>.kadence-column22593_6b84d4-60 > .kt-inside-inner-col,.kadence-column22593_6b84d4-60 > .kt-inside-inner-col:before{border-top-left-radius:0px;border-top-right-radius:0px;border-bottom-right-radius:0px;border-bottom-left-radius:0px;}.kadence-column22593_6b84d4-60 > .kt-inside-inner-col{column-gap:var(--global-kb-gap-sm, 1rem);}.kadence-column22593_6b84d4-60 > .kt-inside-inner-col{flex-direction:column;}.kadence-column22593_6b84d4-60 > .kt-inside-inner-col > .aligncenter{width:100%;}.kadence-column22593_6b84d4-60 > .kt-inside-inner-col:before{opacity:0.3;}.kadence-column22593_6b84d4-60{position:relative;}@media all and (max-width: 1024px){.kadence-column22593_6b84d4-60 > .kt-inside-inner-col{flex-direction:column;justify-content:center;}}@media all and (max-width: 767px){.kadence-column22593_6b84d4-60 > .kt-inside-inner-col{flex-direction:column;justify-content:center;}}<\/style>\n<div class=\"wp-block-kadence-column kadence-column22593_6b84d4-60\"><div class=\"kt-inside-inner-col\">\n<h1 class=\"wp-block-heading\">Premio Alexandre Pedr\u00f3s<\/h1>\n\n\n\n<h2 class=\"wp-block-heading h5\">Galard\u00f3n anual de Amics del Pa\u00eds destinado a trabajos de econom\u00eda p\u00fablica y fiscalidad.<\/h2>\n<\/div><\/div>\n\n\n<style>.kadence-column22593_107025-5e > .kt-inside-inner-col,.kadence-column22593_107025-5e > .kt-inside-inner-col:before{border-top-left-radius:0px;border-top-right-radius:0px;border-bottom-right-radius:0px;border-bottom-left-radius:0px;}.kadence-column22593_107025-5e > .kt-inside-inner-col{column-gap:var(--global-kb-gap-sm, 1rem);}.kadence-column22593_107025-5e > .kt-inside-inner-col{flex-direction:column;}.kadence-column22593_107025-5e > .kt-inside-inner-col > .aligncenter{width:100%;}.kadence-column22593_107025-5e > .kt-inside-inner-col:before{opacity:0.3;}.kadence-column22593_107025-5e{position:relative;}@media all and (max-width: 1024px){.kadence-column22593_107025-5e > .kt-inside-inner-col{flex-direction:column;justify-content:center;}}@media all and (max-width: 767px){.kadence-column22593_107025-5e > .kt-inside-inner-col{flex-direction:column;justify-content:center;}}<\/style>\n<div class=\"wp-block-kadence-column kadence-column22593_107025-5e\"><div class=\"kt-inside-inner-col\"><style>.wp-block-kadence-navigation22686-cpt-id{--kb-nav-dropdown-border-top-left-radius:0px;--kb-nav-dropdown-border-top-right-radius:0px;--kb-nav-dropdown-border-bottom-right-radius:0px;--kb-nav-dropdown-border-bottom-left-radius:0px;--kb-nav-dropdown-border-radius-top:0px;--kb-nav-dropdown-border-radius-right:0px;--kb-nav-dropdown-border-radius-bottom:0px;--kb-nav-dropdown-border-radius-left:0px;--kb-nav-top-not-last-link-border-right:var(--kb-nav-link-border-right);}.header-desktop-transparent .wp-block-kadence-navigation22686-cpt-id{--kb-nav-top-not-last-link-border-right:var(--kb-nav-link-border-right);}.item-is-stuck .wp-block-kadence-navigation22686-cpt-id{--kb-nav-top-not-last-link-border-right:var(--kb-nav-link-border-right);}.wp-block-kadence-navigation22686-cpt-id{--kb-nav-top-link-margin-bottom:15px;--kb-nav-top-link-color:var(--global-palette3, #1A202C);}@media all and (max-width: 1024px){.wp-block-kadence-navigation22686-cpt-id{--kb-nav-top-not-last-link-border-right:var(--kb-nav-link-border-right);}}@media all and (max-width: 1024px){.header-tablet-transparent .wp-block-kadence-navigation22686-cpt-id{--kb-nav-top-not-last-link-border-right:var(--kb-nav-link-border-right);}}@media all and (max-width: 1024px){.item-is-stuck .wp-block-kadence-navigation22686-cpt-id{--kb-nav-top-not-last-link-border-right:var(--kb-nav-link-border-right);}}@media all and (max-width: 767px){.wp-block-kadence-navigation22686-cpt-id{--kb-nav-top-not-last-link-border-right:var(--kb-nav-link-border-right);}.header-mobile-transparent .wp-block-kadence-navigation22686-cpt-id{--kb-nav-top-not-last-link-border-right:var(--kb-nav-link-border-right);}.item-is-stuck .wp-block-kadence-navigation22686-cpt-id{--kb-nav-top-not-last-link-border-right:var(--kb-nav-link-border-right);}}<\/style><div class=\"wp-block-kadence-navigation22686-cpt-id kb-nav-desktop-horizontal-layout-standard kb-nav-tablet-horizontal-layout-standard kb-nav-mobile-horizontal-layout-standard navigation-desktop-layout-fill-stretch-false navigation-tablet-layout-fill-stretch-false navigation-mobile-layout-fill-stretch-false navigation-desktop-orientation-vertical navigation-tablet-orientation-vertical navigation-mobile-orientation-vertical menu_interior_01 wp-block-kadence-navigation\" data-scroll-spy=\"\"><nav class=\"navigation navigation-desktop-style-standard navigation-tablet-style-standard navigation-mobile-style-standard navigation-desktop-dropdown-animation-none navigation-tablet-dropdown-animation-none navigation-mobile-dropdown-animation-none navigation-desktop-collapse-sub-menus-true navigation-tablet-collapse-sub-menus-true navigation-mobile-collapse-sub-menus-true navigation-desktop-parent-toggles-menus-false navigation-tablet-parent-toggles-menus-false navigation-mobile-parent-toggles-menus-false navigation-desktop-parent-active-false navigation-tablet-parent-active-false navigation-mobile-parent-active-false\"><div class=\"menu-container\"><ul class=\"kb-navigation menu collapse-sub-nav-desktop-true collapse-sub-nav-tablet-true collapse-sub-nav-mobile-true\">\n<style>.kb-nav-link-empc8bcgz > .kb-link-wrap.kb-link-wrap.kb-link-wrap.kb-link-wrap{--kb-nav-link-highlight-order:3;--kb-nav-link-highlight-icon-order:3;}.kb-nav-link-empc8bcgz > .kb-link-wrap.kb-link-wrap.kb-link-wrap.kb-link-wrap{--kb-nav-link-media-max-width:px;}<\/style><li class=\"wp-block-kadence-navigation-link kb-nav-link-empc8bcgz menu-item wp-block-kadence-navigation-link\"><div class=\"kb-link-wrap\"><a class=\"kb-nav-link-content\" href=\"https:\/\/www.amicsdelpais.com\/es\/becas-dr-joan-guinovart\">Becas Dr. Joan Guinovart<\/a><\/div><\/li>\n\n<style>.kb-nav-link-8c9q6d6gm > .kb-link-wrap.kb-link-wrap.kb-link-wrap.kb-link-wrap{--kb-nav-link-highlight-order:3;--kb-nav-link-highlight-icon-order:3;}.kb-nav-link-8c9q6d6gm > .kb-link-wrap.kb-link-wrap.kb-link-wrap.kb-link-wrap{--kb-nav-link-media-max-width:px;}<\/style><li class=\"wp-block-kadence-navigation-link kb-nav-link-8c9q6d6gm menu-item wp-block-kadence-navigation-link\"><div class=\"kb-link-wrap\"><a class=\"kb-nav-link-content\" href=\"https:\/\/www.amicsdelpais.com\/es\/premio-llegat-valldejuli\/\">Premio Llegat Valldejuli<\/a><\/div><\/li>\n\n<style>.kb-nav-link-dc1v0jqni > .kb-link-wrap.kb-link-wrap.kb-link-wrap.kb-link-wrap{--kb-nav-link-highlight-order:3;--kb-nav-link-highlight-icon-order:3;}.kb-nav-link-dc1v0jqni > .kb-link-wrap.kb-link-wrap.kb-link-wrap.kb-link-wrap{--kb-nav-link-media-max-width:px;}<\/style><li class=\"wp-block-kadence-navigation-link kb-nav-link-dc1v0jqni menu-item wp-block-kadence-navigation-link\"><div class=\"kb-link-wrap\"><a class=\"kb-nav-link-content\" href=\"https:\/\/www.amicsdelpais.com\/es\/premio-alexandre-pedros\/\">Premio Alexandre Pedr\u00f3s<\/a><\/div><\/li>\n<\/ul><\/div><\/nav><\/div><\/div><\/div>\n\n<\/div><\/div>\n\n<style>.kb-row-layout-id22593_cf0265-ed > .kt-row-column-wrap{align-content:start;}:where(.kb-row-layout-id22593_cf0265-ed > .kt-row-column-wrap) > .wp-block-kadence-column{justify-content:start;}.kb-row-layout-id22593_cf0265-ed > .kt-row-column-wrap{column-gap:var(--global-kb-gap-md, 2rem);row-gap:var(--global-kb-gap-md, 2rem);padding-top:var(--global-kb-spacing-sm, 1.5rem);padding-bottom:var(--global-kb-spacing-sm, 1.5rem);grid-template-columns:repeat(2, minmax(0, 1fr));}.kb-row-layout-id22593_cf0265-ed > .kt-row-layout-overlay{opacity:0.30;}@media all and (max-width: 1024px){.kb-row-layout-id22593_cf0265-ed > .kt-row-column-wrap{grid-template-columns:repeat(2, minmax(0, 1fr));}}@media all and (max-width: 767px){.kb-row-layout-id22593_cf0265-ed > .kt-row-column-wrap{grid-template-columns:minmax(0, 1fr);}}<\/style><div class=\"kb-row-layout-wrap kb-row-layout-id22593_cf0265-ed alignnone wp-block-kadence-rowlayout\"><div class=\"kt-row-column-wrap kt-has-2-columns kt-row-layout-equal kt-tab-layout-inherit kt-mobile-layout-row kt-row-valign-top\">\n<style>.kadence-column22593_81a5e4-c3 > .kt-inside-inner-col,.kadence-column22593_81a5e4-c3 > .kt-inside-inner-col:before{border-top-left-radius:0px;border-top-right-radius:0px;border-bottom-right-radius:0px;border-bottom-left-radius:0px;}.kadence-column22593_81a5e4-c3 > .kt-inside-inner-col{column-gap:var(--global-kb-gap-sm, 1rem);}.kadence-column22593_81a5e4-c3 > .kt-inside-inner-col{flex-direction:column;}.kadence-column22593_81a5e4-c3 > .kt-inside-inner-col > .aligncenter{width:100%;}.kadence-column22593_81a5e4-c3 > .kt-inside-inner-col:before{opacity:0.3;}.kadence-column22593_81a5e4-c3{position:relative;}@media all and (max-width: 1024px){.kadence-column22593_81a5e4-c3 > .kt-inside-inner-col{flex-direction:column;justify-content:center;}}@media all and (max-width: 767px){.kadence-column22593_81a5e4-c3 > .kt-inside-inner-col{flex-direction:column;justify-content:center;}}<\/style>\n<div class=\"wp-block-kadence-column kadence-column22593_81a5e4-c3\"><div class=\"kt-inside-inner-col\">\n<p>El Premio Alexandre Pedr\u00f3s es una distinci\u00f3n anual en forma de premio a los trabajos presentados en los encuentros de econom\u00eda p\u00fablica de los investigadores en econom\u00eda de Espa\u00f1a. Este premio es convocado por la <strong>Societat Econ\u00f2mica Barcelonesa d\u2019Amics del Pa\u00eds<\/strong>&nbsp;en honor del que fue miembro y presidente durante a\u00f1os de su comisi\u00f3n de estudios fiscales.<\/p>\n<\/div><\/div>\n\n\n<style>.kadence-column22593_c6da06-90 > .kt-inside-inner-col,.kadence-column22593_c6da06-90 > .kt-inside-inner-col:before{border-top-left-radius:0px;border-top-right-radius:0px;border-bottom-right-radius:0px;border-bottom-left-radius:0px;}.kadence-column22593_c6da06-90 > .kt-inside-inner-col{column-gap:var(--global-kb-gap-sm, 1rem);}.kadence-column22593_c6da06-90 > .kt-inside-inner-col{flex-direction:column;}.kadence-column22593_c6da06-90 > .kt-inside-inner-col > .aligncenter{width:100%;}.kadence-column22593_c6da06-90 > .kt-inside-inner-col:before{opacity:0.3;}.kadence-column22593_c6da06-90{position:relative;}@media all and (max-width: 1024px){.kadence-column22593_c6da06-90 > .kt-inside-inner-col{flex-direction:column;justify-content:center;}}@media all and (max-width: 767px){.kadence-column22593_c6da06-90 > .kt-inside-inner-col{flex-direction:column;justify-content:center;}}<\/style>\n<div class=\"wp-block-kadence-column kadence-column22593_c6da06-90\"><div class=\"kt-inside-inner-col\"><\/div><\/div>\n\n<\/div><\/div>\n\n<style>.kb-row-layout-wrap.wp-block-kadence-rowlayout.kb-row-layout-id22593_93b7e9-a4{margin-bottom:80px;}.kb-row-layout-id22593_93b7e9-a4 > .kt-row-column-wrap{align-content:start;}:where(.kb-row-layout-id22593_93b7e9-a4 > .kt-row-column-wrap) > .wp-block-kadence-column{justify-content:start;}.kb-row-layout-id22593_93b7e9-a4 > .kt-row-column-wrap{column-gap:var(--global-kb-gap-md, 2rem);row-gap:var(--global-kb-gap-md, 2rem);max-width:1280px;margin-left:auto;margin-right:auto;padding-top:0px;padding-bottom:0px;grid-template-columns:repeat(2, minmax(0, 1fr));}.kb-row-layout-id22593_93b7e9-a4 > .kt-row-layout-overlay{opacity:0.30;}@media all and (min-width: 1025px){.kb-row-layout-id22593_93b7e9-a4{display:none !important;}}@media all and (max-width: 1024px){.kb-row-layout-id22593_93b7e9-a4 > .kt-row-column-wrap{grid-template-columns:repeat(2, minmax(0, 1fr));}}@media all and (min-width: 768px) and (max-width: 1024px){.kb-row-layout-id22593_93b7e9-a4{display:none !important;}}@media all and (max-width: 767px){.kb-row-layout-id22593_93b7e9-a4 > .kt-row-column-wrap{grid-template-columns:minmax(0, 1fr);}.kb-row-layout-id22593_93b7e9-a4{display:none !important;}}<\/style><div class=\"kb-row-layout-wrap kb-row-layout-id22593_93b7e9-a4 alignfull kb-v-lg-hidden kb-v-md-hidden kb-v-sm-hidden has-theme-palette3-background-color kt-row-has-bg wp-block-kadence-rowlayout\"><div class=\"kt-row-column-wrap kt-has-2-columns kt-row-layout-equal kt-tab-layout-inherit kt-mobile-layout-row kt-row-valign-top kt-inner-column-height-full\">\n<style>.kadence-column22593_b8aa1a-3d > .kt-inside-inner-col,.kadence-column22593_b8aa1a-3d > .kt-inside-inner-col:before{border-top-left-radius:0px;border-top-right-radius:0px;border-bottom-right-radius:0px;border-bottom-left-radius:0px;}.kadence-column22593_b8aa1a-3d > .kt-inside-inner-col{column-gap:var(--global-kb-gap-sm, 1rem);}.kadence-column22593_b8aa1a-3d > .kt-inside-inner-col{flex-direction:column;}.kadence-column22593_b8aa1a-3d > .kt-inside-inner-col > .aligncenter{width:100%;}.kadence-column22593_b8aa1a-3d > .kt-inside-inner-col{background-image:url('https:\/\/www.amicsdelpais.com\/wp-content\/uploads\/2025\/06\/banner_premiat.webp');background-size:cover;background-position:center center;background-attachment:scroll;background-repeat:no-repeat;}.kadence-column22593_b8aa1a-3d > .kt-inside-inner-col:before{opacity:0.3;}.kadence-column22593_b8aa1a-3d{position:relative;}@media all and (max-width: 1024px){.kadence-column22593_b8aa1a-3d > .kt-inside-inner-col{flex-direction:column;justify-content:center;}}@media all and (max-width: 767px){.kadence-column22593_b8aa1a-3d > .kt-inside-inner-col{flex-direction:column;justify-content:center;}}<\/style>\n<div class=\"wp-block-kadence-column kadence-column22593_b8aa1a-3d\"><div class=\"kt-inside-inner-col\">\n<div style=\"height:100px\" aria-hidden=\"true\" class=\"wp-block-spacer\"><\/div>\n<\/div><\/div>\n\n\n<style>.kadence-column22593_bad29b-3a > .kt-inside-inner-col{padding-top:60px;padding-bottom:60px;}.kadence-column22593_bad29b-3a > .kt-inside-inner-col,.kadence-column22593_bad29b-3a > .kt-inside-inner-col:before{border-top-left-radius:0px;border-top-right-radius:0px;border-bottom-right-radius:0px;border-bottom-left-radius:0px;}.kadence-column22593_bad29b-3a > .kt-inside-inner-col{column-gap:var(--global-kb-gap-sm, 1rem);}.kadence-column22593_bad29b-3a > .kt-inside-inner-col{flex-direction:column;}.kadence-column22593_bad29b-3a > .kt-inside-inner-col > .aligncenter{width:100%;}.kadence-column22593_bad29b-3a > .kt-inside-inner-col:before{opacity:0.3;}.kadence-column22593_bad29b-3a{position:relative;}@media all and (max-width: 1024px){.kadence-column22593_bad29b-3a > .kt-inside-inner-col{flex-direction:column;justify-content:center;}}@media all and (max-width: 767px){.kadence-column22593_bad29b-3a > .kt-inside-inner-col{flex-direction:column;justify-content:center;}}<\/style>\n<div class=\"wp-block-kadence-column kadence-column22593_bad29b-3a\"><div class=\"kt-inside-inner-col\">\n<h2 class=\"wp-block-heading has-theme-palette-9-color has-text-color has-link-color wp-elements-ac144b60daaadfba4b41a534c929be9b\">Consulta la lista de becados premiados<\/h2>\n\n\n\n<p class=\"has-theme-palette-9-color has-text-color has-link-color wp-elements-0a76ec385f2dd877a8a313c43d6f087a\">Lorem ipsum dolor sit amet, consectetur adipiscing elit. Praesent vitae ligula eu metus semper interdum at ut enim.<\/p>\n\n\n\n<div class=\"wp-block-buttons is-layout-flex wp-block-buttons-is-layout-flex\">\n<div class=\"wp-block-button\"><a class=\"wp-block-button__link wp-element-button\">Veure llistat<\/a><\/div>\n<\/div>\n<\/div><\/div>\n\n<\/div><\/div>\n\n<style>.kb-row-layout-id22856_13010e-12 > .kt-row-column-wrap{align-content:start;}:where(.kb-row-layout-id22856_13010e-12 > .kt-row-column-wrap) > .wp-block-kadence-column{justify-content:start;}.kb-row-layout-id22856_13010e-12 > .kt-row-column-wrap{column-gap:60px;row-gap:var(--global-kb-gap-md, 2rem);max-width:1280px;margin-left:auto;margin-right:auto;padding-top:var(--global-kb-spacing-sm, 1.5rem);padding-bottom:var(--global-kb-spacing-sm, 1.5rem);grid-template-columns:minmax(0, calc(75% - ((60px * 1 )\/2)))minmax(0, calc(25% - ((60px * 1 )\/2)));}.kb-row-layout-id22856_13010e-12{background-color:#fecc8c;}.kb-row-layout-id22856_13010e-12 > .kt-row-layout-overlay{opacity:0.30;}@media all and (max-width: 1024px){.kb-row-layout-id22856_13010e-12 > .kt-row-column-wrap{column-gap:var(--global-kb-gap-sm, 1rem);grid-template-columns:repeat(2, minmax(0, 1fr));}}@media all and (max-width: 767px){.kb-row-layout-id22856_13010e-12 > .kt-row-column-wrap{grid-template-columns:minmax(0, 1fr);}}<\/style><div class=\"kb-row-layout-wrap kb-row-layout-id22856_13010e-12 alignfull kt-row-has-bg block_newsletter version_large wp-block-kadence-rowlayout\"><div class=\"kt-row-column-wrap kt-has-2-columns kt-row-layout-equal kt-tab-layout-inherit kt-mobile-layout-row kt-row-valign-top\">\n<style>.kadence-column22856_baf1fb-41 > .kt-inside-inner-col{display:flex;}.kadence-column22856_baf1fb-41 > .kt-inside-inner-col,.kadence-column22856_baf1fb-41 > .kt-inside-inner-col:before{border-top-left-radius:0px;border-top-right-radius:0px;border-bottom-right-radius:0px;border-bottom-left-radius:0px;}.kadence-column22856_baf1fb-41 > .kt-inside-inner-col{column-gap:var(--global-kb-gap-sm, 1rem);}.kadence-column22856_baf1fb-41 > .kt-inside-inner-col{flex-direction:column;justify-content:center;}.kadence-column22856_baf1fb-41 > .kt-inside-inner-col > .aligncenter{width:100%;}.kt-row-column-wrap > .kadence-column22856_baf1fb-41{align-self:center;}.kt-inner-column-height-full:not(.kt-has-1-columns) > .wp-block-kadence-column.kadence-column22856_baf1fb-41{align-self:auto;}.kt-inner-column-height-full:not(.kt-has-1-columns) > .wp-block-kadence-column.kadence-column22856_baf1fb-41 > .kt-inside-inner-col{flex-direction:column;justify-content:center;}.kadence-column22856_baf1fb-41 > .kt-inside-inner-col:before{opacity:0.3;}.kadence-column22856_baf1fb-41{position:relative;}@media all and (max-width: 1024px){.kt-row-column-wrap > .kadence-column22856_baf1fb-41{align-self:center;}}@media all and (max-width: 1024px){.kt-inner-column-height-full:not(.kt-has-1-columns) > .wp-block-kadence-column.kadence-column22856_baf1fb-41{align-self:auto;}}@media all and (max-width: 1024px){.kt-inner-column-height-full:not(.kt-has-1-columns) > .wp-block-kadence-column.kadence-column22856_baf1fb-41 > .kt-inside-inner-col{flex-direction:column;justify-content:center;}}@media all and (max-width: 1024px){.kadence-column22856_baf1fb-41 > .kt-inside-inner-col{flex-direction:column;justify-content:center;}}@media all and (max-width: 767px){.kadence-column22856_baf1fb-41 > .kt-inside-inner-col{padding-right:80px;flex-direction:column;justify-content:center;}.kt-row-column-wrap > .kadence-column22856_baf1fb-41{align-self:center;}.kt-inner-column-height-full:not(.kt-has-1-columns) > .wp-block-kadence-column.kadence-column22856_baf1fb-41{align-self:auto;}.kt-inner-column-height-full:not(.kt-has-1-columns) > .wp-block-kadence-column.kadence-column22856_baf1fb-41 > .kt-inside-inner-col{flex-direction:column;justify-content:center;}}<\/style>\n<div class=\"wp-block-kadence-column kadence-column22856_baf1fb-41\"><div class=\"kt-inside-inner-col\">\n<h2 class=\"wp-block-heading h1\">Subscripci\u00f3n a nuestro newsletter<\/h2>\n\n\n\n<p>Suscr\u00edbete a nuestros newsletter para estar al d\u00eda de todo lo que hacemos. Recibir\u00e1s el <strong>Newsletter de Amics del Pa\u00eds<\/strong> y el <strong>Newsletter de Barcelona Tribuna<\/strong> con informaci\u00f3n sobre nuestras actividades y noticias destacadas con las convocatorias y novedades de las conferencias que organizamos.<\/p>\n<\/div><\/div>\n\n\n<style>.kadence-column22856_8871d5-f4 > .kt-inside-inner-col{display:flex;}.kadence-column22856_8871d5-f4 > .kt-inside-inner-col,.kadence-column22856_8871d5-f4 > .kt-inside-inner-col:before{border-top-left-radius:0px;border-top-right-radius:0px;border-bottom-right-radius:0px;border-bottom-left-radius:0px;}.kadence-column22856_8871d5-f4 > .kt-inside-inner-col{column-gap:var(--global-kb-gap-sm, 1rem);}.kadence-column22856_8871d5-f4 > .kt-inside-inner-col{flex-direction:column;justify-content:center;}.kadence-column22856_8871d5-f4 > .kt-inside-inner-col > .aligncenter{width:100%;}.kt-row-column-wrap > .kadence-column22856_8871d5-f4{align-self:center;}.kt-inner-column-height-full:not(.kt-has-1-columns) > .wp-block-kadence-column.kadence-column22856_8871d5-f4{align-self:auto;}.kt-inner-column-height-full:not(.kt-has-1-columns) > .wp-block-kadence-column.kadence-column22856_8871d5-f4 > .kt-inside-inner-col{flex-direction:column;justify-content:center;}.kadence-column22856_8871d5-f4 > .kt-inside-inner-col:before{opacity:0.3;}.kadence-column22856_8871d5-f4{position:relative;}@media all and (max-width: 1024px){.kt-row-column-wrap > .kadence-column22856_8871d5-f4{align-self:center;}}@media all and (max-width: 1024px){.kt-inner-column-height-full:not(.kt-has-1-columns) > .wp-block-kadence-column.kadence-column22856_8871d5-f4{align-self:auto;}}@media all and (max-width: 1024px){.kt-inner-column-height-full:not(.kt-has-1-columns) > .wp-block-kadence-column.kadence-column22856_8871d5-f4 > .kt-inside-inner-col{flex-direction:column;justify-content:center;}}@media all and (max-width: 1024px){.kadence-column22856_8871d5-f4 > .kt-inside-inner-col{flex-direction:column;justify-content:center;}}@media all and (max-width: 767px){.kadence-column22856_8871d5-f4 > .kt-inside-inner-col{padding-right:80px;flex-direction:column;justify-content:center;}.kt-row-column-wrap > .kadence-column22856_8871d5-f4{align-self:center;}.kt-inner-column-height-full:not(.kt-has-1-columns) > .wp-block-kadence-column.kadence-column22856_8871d5-f4{align-self:auto;}.kt-inner-column-height-full:not(.kt-has-1-columns) > .wp-block-kadence-column.kadence-column22856_8871d5-f4 > .kt-inside-inner-col{flex-direction:column;justify-content:center;}}<\/style>\n<div class=\"wp-block-kadence-column kadence-column22856_8871d5-f4\"><div class=\"kt-inside-inner-col\">\n<div class=\"wp-block-buttons is-layout-flex wp-block-buttons-is-layout-flex\">\n<div class=\"wp-block-button\"><a class=\"wp-block-button__link wp-element-button\" href=\"https:\/\/www.amicsdelpais.com\/es\/suscripcion-boletin-electronico\/\">Ir a la suscripci\u00f3n<\/a><\/div>\n<\/div>\n<\/div><\/div>\n\n<\/div><\/div>","protected":false},"excerpt":{"rendered":"<p>Premio Alexandre Pedr\u00f3s Galard\u00f3n anual de Amics del Pa\u00eds destinado a trabajos de econom\u00eda p\u00fablica y fiscalidad. El Premio Alexandre Pedr\u00f3s es una distinci\u00f3n anual en forma de premio a los trabajos presentados en los encuentros de econom\u00eda p\u00fablica de los investigadores en econom\u00eda de Espa\u00f1a. Este premio es convocado por la Societat Econ\u00f2mica Barcelonesa d\u2019Amics del Pa\u00eds&nbsp;en honor del que fue miembro y presidente durante a\u00f1os de su comisi\u00f3n de estudios fiscales. Consulta la lista de becados premiados Lorem ipsum dolor sit amet, consectetur adipiscing elit. Praesent vitae ligula eu metus semper interdum at ut enim.<\/p>\n","protected":false},"author":3,"featured_media":0,"parent":0,"menu_order":0,"comment_status":"closed","ping_status":"closed","template":"","meta":{"inline_featured_image":false,"_kad_blocks_custom_css":"","_kad_blocks_head_custom_js":"","_kad_blocks_body_custom_js":"","_kad_blocks_footer_custom_js":"","_price":"","_stock":"","_tribe_ticket_header":"","_tribe_default_ticket_provider":"","_ticket_start_date":"","_ticket_end_date":"","_tribe_ticket_show_description":"","_tribe_ticket_show_not_going":false,"_tribe_ticket_use_global_stock":"","_tribe_ticket_global_stock_level":"","_global_stock_mode":"","_global_stock_cap":"","_tribe_rsvp_for_event":"","_tribe_ticket_going_count":"","_tribe_ticket_not_going_count":"","_tribe_tickets_list":"[]","_tribe_ticket_has_attendee_info_fields":false,"_kad_post_transparent":"","_kad_post_title":"","_kad_post_layout":"","_kad_post_sidebar_id":"","_kad_post_content_style":"","_kad_post_vertical_padding":"","_kad_post_feature":"","_kad_post_feature_position":"","_kad_post_header":false,"_kad_post_footer":false,"_kad_post_classname":"","footnotes":""},"class_list":["post-22593","page","type-page","status-publish","hentry"],"taxonomy_info":[],"featured_image_src_large":false,"author_info":{"display_name":"Llu\u00eds Jard\u00ed","author_link":"https:\/\/www.amicsdelpais.com\/es\/author\/ideadmin\/"},"comment_info":0,"_links":{"self":[{"href":"https:\/\/www.amicsdelpais.com\/es\/wp-json\/wp\/v2\/pages\/22593","targetHints":{"allow":["GET"]}}],"collection":[{"href":"https:\/\/www.amicsdelpais.com\/es\/wp-json\/wp\/v2\/pages"}],"about":[{"href":"https:\/\/www.amicsdelpais.com\/es\/wp-json\/wp\/v2\/types\/page"}],"author":[{"embeddable":true,"href":"https:\/\/www.amicsdelpais.com\/es\/wp-json\/wp\/v2\/users\/3"}],"replies":[{"embeddable":true,"href":"https:\/\/www.amicsdelpais.com\/es\/wp-json\/wp\/v2\/comments?post=22593"}],"version-history":[{"count":3,"href":"https:\/\/www.amicsdelpais.com\/es\/wp-json\/wp\/v2\/pages\/22593\/revisions"}],"predecessor-version":[{"id":22771,"href":"https:\/\/www.amicsdelpais.com\/es\/wp-json\/wp\/v2\/pages\/22593\/revisions\/22771"}],"wp:attachment":[{"href":"https:\/\/www.amicsdelpais.com\/es\/wp-json\/wp\/v2\/media?parent=22593"}],"curies":[{"name":"wp","href":"https:\/\/api.w.org\/{rel}","templated":true}]}}