{"id":22586,"date":"2025-08-01T08:48:32","date_gmt":"2025-08-01T06:48:32","guid":{"rendered":"https:\/\/new.barcelonatribuna.com\/?page_id=22586"},"modified":"2025-08-05T13:11:45","modified_gmt":"2025-08-05T11:11:45","slug":"hazte-socio","status":"publish","type":"page","link":"https:\/\/www.amicsdelpais.com\/es\/hazte-socio\/","title":{"rendered":"Hazte socio"},"content":{"rendered":"<style>.kb-row-layout-id22586_8aa8b1-3a > .kt-row-column-wrap{align-content:start;}:where(.kb-row-layout-id22586_8aa8b1-3a > .kt-row-column-wrap) > .wp-block-kadence-column{justify-content:start;}.kb-row-layout-id22586_8aa8b1-3a > .kt-row-column-wrap{column-gap:var(--global-kb-gap-md, 2rem);row-gap:var(--global-kb-gap-md, 2rem);padding-top:0px;padding-bottom:80px;grid-template-columns:minmax(0, 1fr);}.kb-row-layout-id22586_8aa8b1-3a{background-image:url('https:\/\/www.amicsdelpais.com\/wp-content\/uploads\/2025\/06\/bg_header_soci.svg');background-size:auto;background-position:100% 0%;background-attachment:scroll;background-repeat:no-repeat;}.kb-row-layout-id22586_8aa8b1-3a > .kt-row-layout-overlay{opacity:0.30;}@media all and (max-width: 1024px){.kb-row-layout-id22586_8aa8b1-3a > .kt-row-column-wrap{grid-template-columns:minmax(0, 1fr);}}@media all and (max-width: 767px){.kb-row-layout-id22586_8aa8b1-3a > .kt-row-column-wrap{grid-template-columns:minmax(0, 1fr);}}<\/style><div class=\"kb-row-layout-wrap kb-row-layout-id22586_8aa8b1-3a alignnone kt-row-has-bg header_contact wp-block-kadence-rowlayout\"><div class=\"kt-row-column-wrap kt-has-1-columns kt-row-layout-equal kt-tab-layout-inherit kt-mobile-layout-row kt-row-valign-top\">\n<style>.kadence-column22586_c9df54-72 > .kt-inside-inner-col{padding-right:160px;}.kadence-column22586_c9df54-72 > .kt-inside-inner-col,.kadence-column22586_c9df54-72 > .kt-inside-inner-col:before{border-top-left-radius:0px;border-top-right-radius:0px;border-bottom-right-radius:0px;border-bottom-left-radius:0px;}.kadence-column22586_c9df54-72 > .kt-inside-inner-col{column-gap:var(--global-kb-gap-sm, 1rem);}.kadence-column22586_c9df54-72 > .kt-inside-inner-col{flex-direction:column;}.kadence-column22586_c9df54-72 > .kt-inside-inner-col > .aligncenter{width:100%;}.kadence-column22586_c9df54-72 > .kt-inside-inner-col:before{opacity:0.3;}.kadence-column22586_c9df54-72{position:relative;}@media all and (max-width: 1024px){.kadence-column22586_c9df54-72 > .kt-inside-inner-col{flex-direction:column;justify-content:center;}}@media all and (max-width: 767px){.kadence-column22586_c9df54-72 > .kt-inside-inner-col{padding-right:85px;flex-direction:column;justify-content:center;}}<\/style>\n<div class=\"wp-block-kadence-column kadence-column22586_c9df54-72\"><div class=\"kt-inside-inner-col\">\n<h1 class=\"wp-block-heading\">Hazte socio<\/h1>\n\n\n\n<h2 class=\"wp-block-heading h5\">Ser socio d&#8217;Amics del Pa\u00eds es formar parte de una entidad hist\u00f3rica, declarada de inter\u00e9s p\u00fablico, que inici\u00f3 su actividad el 1822 y que siempre ha estado al servicio del progreso del pa\u00eds. Con cuyo objeto, Amics del Pa\u00eds vela para generar iniciativas, conferencias y debates de acuerdo con las motivaciones de los asociados y de la actualidad del momento.<\/h2>\n<\/div><\/div>\n\n<\/div><\/div>\n\n<style>.kb-row-layout-id22586_e12cec-cf > .kt-row-column-wrap{align-content:start;}:where(.kb-row-layout-id22586_e12cec-cf > .kt-row-column-wrap) > .wp-block-kadence-column{justify-content:start;}.kb-row-layout-id22586_e12cec-cf > .kt-row-column-wrap{column-gap:40px;row-gap:var(--global-kb-gap-md, 2rem);padding-top:0px;padding-bottom:80px;grid-template-columns:minmax(0, calc(50% - ((40px * 1 )\/2)))minmax(0, calc(50% - ((40px * 1 )\/2)));}.kb-row-layout-id22586_e12cec-cf > .kt-row-layout-overlay{opacity:0.30;}@media all and (max-width: 1024px){.kb-row-layout-id22586_e12cec-cf > .kt-row-column-wrap{grid-template-columns:minmax(0, 1fr) minmax(0, 2fr);}}@media all and (max-width: 767px){.kb-row-layout-id22586_e12cec-cf > .kt-row-column-wrap{grid-template-columns:minmax(0, 1fr);}}<\/style><div class=\"kb-row-layout-wrap kb-row-layout-id22586_e12cec-cf alignnone wp-block-kadence-rowlayout\"><div class=\"kt-row-column-wrap kt-has-2-columns kt-row-layout-right-golden kt-tab-layout-inherit kt-mobile-layout-row kt-row-valign-top kt-inner-column-height-full\">\n<style>.kadence-column22586_bce14e-fa > .kt-inside-inner-col{padding-top:40px;padding-right:40px;padding-bottom:40px;padding-left:40px;}.kadence-column22586_bce14e-fa > .kt-inside-inner-col{border-right:0px solid var(--global-palette3, #1A202C);}.kadence-column22586_bce14e-fa > .kt-inside-inner-col,.kadence-column22586_bce14e-fa > .kt-inside-inner-col:before{border-top-left-radius:0px;border-top-right-radius:0px;border-bottom-right-radius:0px;border-bottom-left-radius:0px;}.kadence-column22586_bce14e-fa > .kt-inside-inner-col{column-gap:var(--global-kb-gap-sm, 1rem);}.kadence-column22586_bce14e-fa > .kt-inside-inner-col{flex-direction:column;}.kadence-column22586_bce14e-fa > .kt-inside-inner-col > .aligncenter{width:100%;}.kadence-column22586_bce14e-fa > .kt-inside-inner-col{background-color:#ffdcb0;}.kadence-column22586_bce14e-fa > .kt-inside-inner-col:before{opacity:0.3;}.kadence-column22586_bce14e-fa{position:relative;}@media all and (max-width: 1024px){.kadence-column22586_bce14e-fa > .kt-inside-inner-col{border-right:0px solid var(--global-palette3, #1A202C);flex-direction:column;justify-content:center;}}@media all and (max-width: 767px){.kadence-column22586_bce14e-fa > .kt-inside-inner-col{border-right:0px solid var(--global-palette3, #1A202C);flex-direction:column;justify-content:center;}}<\/style>\n<div class=\"wp-block-kadence-column kadence-column22586_bce14e-fa\"><div class=\"kt-inside-inner-col\">\n<h2 class=\"wp-block-heading title_stars\">Ventajas<\/h2>\n\n\n\n<p>Como socio d&#8217;Amics del Pa\u00eds podr\u00e1s beneficiarte de las siguientes ventajas:<\/p>\n\n\n\n<p class=\"parrafo_line_left\">Museu Nacional d&#8217;Art de Catalunya: 20% de descuento sobre el precio de la entrada general as\u00ed como de la entrada de las exposiciones de car\u00e1cter temporal.<\/p>\n\n\n\n<p class=\"parrafo_line_left\">La Vanguardia \u2013 Grupo God\u00f3: Oferta especial de nuevas suscripciones en La Vanguardia con un 40% de descuento en la suscripci\u00f3n anual impresa y digital.<\/p>\n\n\n\n<p class=\"parrafo_line_left\">Museu de la Vida Rural \u2013 Fundaci\u00f3 Llu\u00eds Carulla: 20% de descuento sobre el precio de la entrada del museo.<\/p>\n\n\n\n<p class=\"parrafo_line_left\">Obra social de La Caixa: Distribuci\u00f3n gratuita de dos invitaciones por socio dos veces el a\u00f1o para la visita a las exposiciones temporales de los centros Caixaforum Barcelona y Cosmocaixa.<\/p>\n\n\n\n<p class=\"parrafo_line_left\">Descuentos en las actividades de Barcelona Tribuna.<\/p>\n<\/div><\/div>\n\n\n<style>.kadence-column22586_af5c59-bd > .kt-inside-inner-col,.kadence-column22586_af5c59-bd > .kt-inside-inner-col:before{border-top-left-radius:0px;border-top-right-radius:0px;border-bottom-right-radius:0px;border-bottom-left-radius:0px;}.kadence-column22586_af5c59-bd > .kt-inside-inner-col{column-gap:var(--global-kb-gap-sm, 1rem);}.kadence-column22586_af5c59-bd > .kt-inside-inner-col{flex-direction:column;}.kadence-column22586_af5c59-bd > .kt-inside-inner-col > .aligncenter{width:100%;}.kadence-column22586_af5c59-bd > .kt-inside-inner-col:before{opacity:0.3;}.kadence-column22586_af5c59-bd{position:relative;}@media all and (max-width: 1024px){.kadence-column22586_af5c59-bd > .kt-inside-inner-col{flex-direction:column;justify-content:center;}}@media all and (max-width: 767px){.kadence-column22586_af5c59-bd > .kt-inside-inner-col{flex-direction:column;justify-content:center;}}<\/style>\n<div class=\"wp-block-kadence-column kadence-column22586_af5c59-bd\"><div class=\"kt-inside-inner-col\">\n<h2 class=\"wp-block-heading\">Formulario de petici\u00f3n de alta<\/h2>\n\n\n\n<p>Llena el siguiente formulario y nos pondremos en contacto contigo para enviarte toda la informaci\u00f3n.<\/p>\n\n\n\n<div class=\"wpcf7 no-js\" id=\"wpcf7-f22838-o1\" lang=\"es-ES\" dir=\"ltr\" data-wpcf7-id=\"22838\">\n<div class=\"screen-reader-response\"><p role=\"status\" aria-live=\"polite\" aria-atomic=\"true\"><\/p> <ul><\/ul><\/div>\n<form action=\"\/es\/wp-json\/wp\/v2\/pages\/22586#wpcf7-f22838-o1\" method=\"post\" class=\"wpcf7-form init\" aria-label=\"Formulario de contacto\" novalidate=\"novalidate\" data-status=\"init\">\n<fieldset class=\"hidden-fields-container\"><input type=\"hidden\" name=\"_wpcf7\" value=\"22838\" \/><input type=\"hidden\" name=\"_wpcf7_version\" value=\"6.1.5\" \/><input type=\"hidden\" name=\"_wpcf7_locale\" value=\"es_ES\" \/><input type=\"hidden\" name=\"_wpcf7_unit_tag\" value=\"wpcf7-f22838-o1\" \/><input type=\"hidden\" name=\"_wpcf7_container_post\" value=\"0\" \/><input type=\"hidden\" name=\"_wpcf7_posted_data_hash\" value=\"\" \/><input type=\"hidden\" name=\"_wpcf7_recaptcha_response\" value=\"\" \/>\n<\/fieldset>\n<p>\t\t<div id=\"cf7md-form\" class=\"cf7md-form cf7md-spacing--tight\">\n\t\t\t<div class=\"mdc-layout-grid\">\n\t\t\t\t\t\t\t\t\n<\/p>\n<p>\t\t<div class=\"cf7md-item cf7md-text mdc-layout-grid__cell mdc-layout-grid__cell--span-12 mdc-layout-grid__cell--span-6-desktop mdc-layout-grid__cell--span-4-tablet mdc-layout-grid__cell--span-4-mobile\">\n\t\t\t<br \/>\n<span class=\"wpcf7-form-control-wrap\" data-name=\"nom\"><input size=\"40\" maxlength=\"400\" class=\"wpcf7-form-control wpcf7-text wpcf7-validates-as-required\" aria-required=\"true\" aria-invalid=\"false\" placeholder=\"Nombre\" value=\"\" type=\"text\" name=\"nom\" \/><\/span><br \/>\n\t\t\t\t\t\t<div style=\"display: none;\" class=\"cf7md-text-html\">\n\t\t\t\t<div class=\"mdc-textfield\" data-mdc-auto-init=\"MDCTextfield\">\n\t\t\t\t\t<label class=\"mdc-textfield__label\"><\/label>\n\t\t\t\t<\/div>\n\t\t\t<\/div>\n\t\t<\/div>\n\t\t<br \/>\n\t\t<div class=\"cf7md-item cf7md-text mdc-layout-grid__cell mdc-layout-grid__cell--span-12 mdc-layout-grid__cell--span-6-desktop mdc-layout-grid__cell--span-4-tablet mdc-layout-grid__cell--span-4-mobile\">\n\t\t\t<br \/>\n<span class=\"wpcf7-form-control-wrap\" data-name=\"cognoms\"><input size=\"40\" maxlength=\"400\" class=\"wpcf7-form-control wpcf7-text wpcf7-validates-as-required\" aria-required=\"true\" aria-invalid=\"false\" placeholder=\"Apellidos\" value=\"\" type=\"text\" name=\"cognoms\" \/><\/span><br \/>\n\t\t\t\t\t\t<div style=\"display: none;\" class=\"cf7md-text-html\">\n\t\t\t\t<div class=\"mdc-textfield\" data-mdc-auto-init=\"MDCTextfield\">\n\t\t\t\t\t<label class=\"mdc-textfield__label\"><\/label>\n\t\t\t\t<\/div>\n\t\t\t<\/div>\n\t\t<\/div>\n\t\t\n<\/p>\n<p>\t\t<div class=\"cf7md-item cf7md-text mdc-layout-grid__cell mdc-layout-grid__cell--span-12 mdc-layout-grid__cell--span-6-desktop mdc-layout-grid__cell--span-4-tablet mdc-layout-grid__cell--span-4-mobile\">\n\t\t\t<br \/>\n<span class=\"wpcf7-form-control-wrap\" data-name=\"your-email\"><input size=\"40\" maxlength=\"400\" class=\"wpcf7-form-control wpcf7-email wpcf7-validates-as-required wpcf7-text wpcf7-validates-as-email\" aria-required=\"true\" aria-invalid=\"false\" placeholder=\"Correo electr\u00f3nico\" value=\"\" type=\"email\" name=\"your-email\" \/><\/span><br \/>\n\t\t\t\t\t\t<div style=\"display: none;\" class=\"cf7md-text-html\">\n\t\t\t\t<div class=\"mdc-textfield\" data-mdc-auto-init=\"MDCTextfield\">\n\t\t\t\t\t<label class=\"mdc-textfield__label\"><\/label>\n\t\t\t\t<\/div>\n\t\t\t<\/div>\n\t\t<\/div>\n\t\t<br \/>\n\t\t<div class=\"cf7md-item cf7md-text mdc-layout-grid__cell mdc-layout-grid__cell--span-12 mdc-layout-grid__cell--span-6-desktop mdc-layout-grid__cell--span-4-tablet mdc-layout-grid__cell--span-4-mobile\">\n\t\t\t<br \/>\n<span class=\"wpcf7-form-control-wrap\" data-name=\"telefon\"><input size=\"40\" maxlength=\"400\" class=\"wpcf7-form-control wpcf7-tel wpcf7-validates-as-required wpcf7-text wpcf7-validates-as-tel\" aria-required=\"true\" aria-invalid=\"false\" placeholder=\"Tel\u00e9fono\" value=\"\" type=\"tel\" name=\"telefon\" \/><\/span><br \/>\n\t\t\t\t\t\t<div style=\"display: none;\" class=\"cf7md-text-html\">\n\t\t\t\t<div class=\"mdc-textfield\" data-mdc-auto-init=\"MDCTextfield\">\n\t\t\t\t\t<label class=\"mdc-textfield__label\"><\/label>\n\t\t\t\t<\/div>\n\t\t\t<\/div>\n\t\t<\/div>\n\t\t\n<\/p>\n<p>\t\t<div class=\"cf7md-item cf7md-text mdc-layout-grid__cell mdc-layout-grid__cell--span-12 mdc-layout-grid__cell--span-6-desktop mdc-layout-grid__cell--span-4-tablet mdc-layout-grid__cell--span-4-mobile\">\n\t\t\t<br \/>\n<span class=\"wpcf7-form-control-wrap\" data-name=\"entitat\"><input size=\"40\" maxlength=\"400\" class=\"wpcf7-form-control wpcf7-text\" aria-invalid=\"false\" placeholder=\"Entidad \/ Empresa\" value=\"\" type=\"text\" name=\"entitat\" \/><\/span><br \/>\n\t\t\t\t\t\t<div style=\"display: none;\" class=\"cf7md-text-html\">\n\t\t\t\t<div class=\"mdc-textfield\" data-mdc-auto-init=\"MDCTextfield\">\n\t\t\t\t\t<label class=\"mdc-textfield__label\"><\/label>\n\t\t\t\t<\/div>\n\t\t\t<\/div>\n\t\t<\/div>\n\t\t<br \/>\n\t\t<div class=\"cf7md-item cf7md-text mdc-layout-grid__cell mdc-layout-grid__cell--span-12 mdc-layout-grid__cell--span-6-desktop mdc-layout-grid__cell--span-4-tablet mdc-layout-grid__cell--span-4-mobile\">\n\t\t\t<br \/>\n<span class=\"wpcf7-form-control-wrap\" data-name=\"cargo\"><input size=\"40\" maxlength=\"400\" class=\"wpcf7-form-control wpcf7-text\" aria-invalid=\"false\" placeholder=\"Cargo\" value=\"\" type=\"text\" name=\"cargo\" \/><\/span><br \/>\n\t\t\t\t\t\t<div style=\"display: none;\" class=\"cf7md-text-html\">\n\t\t\t\t<div class=\"mdc-textfield\" data-mdc-auto-init=\"MDCTextfield\">\n\t\t\t\t\t<label class=\"mdc-textfield__label\"><\/label>\n\t\t\t\t<\/div>\n\t\t\t<\/div>\n\t\t<\/div>\n\t\t\n<\/p>\n<p>\t\t<div class=\"cf7md-item cf7md-text mdc-layout-grid__cell mdc-layout-grid__cell--span-12 mdc-layout-grid__cell--span-10-desktop mdc-layout-grid__cell--span-6-tablet mdc-layout-grid__cell--span-4-mobile\">\n\t\t\t<br \/>\n<span class=\"wpcf7-form-control-wrap\" data-name=\"municipi\"><input size=\"40\" maxlength=\"400\" class=\"wpcf7-form-control wpcf7-text wpcf7-validates-as-required\" aria-required=\"true\" aria-invalid=\"false\" placeholder=\"Municipio\" value=\"\" type=\"text\" name=\"municipi\" \/><\/span><br \/>\n\t\t\t\t\t\t<div style=\"display: none;\" class=\"cf7md-text-html\">\n\t\t\t\t<div class=\"mdc-textfield\" data-mdc-auto-init=\"MDCTextfield\">\n\t\t\t\t\t<label class=\"mdc-textfield__label\"><\/label>\n\t\t\t\t<\/div>\n\t\t\t<\/div>\n\t\t<\/div>\n\t\t<br \/>\n\t\t<div class=\"cf7md-item cf7md-text mdc-layout-grid__cell mdc-layout-grid__cell--span-12 mdc-layout-grid__cell--span-2-desktop mdc-layout-grid__cell--span-2-tablet mdc-layout-grid__cell--span-4-mobile\">\n\t\t\t<br \/>\n<span class=\"wpcf7-form-control-wrap\" data-name=\"cp\"><input size=\"40\" maxlength=\"400\" class=\"wpcf7-form-control wpcf7-text wpcf7-validates-as-required\" aria-required=\"true\" aria-invalid=\"false\" placeholder=\"CP\" value=\"\" type=\"text\" name=\"cp\" \/><\/span><br \/>\n\t\t\t\t\t\t<div style=\"display: none;\" class=\"cf7md-text-html\">\n\t\t\t\t<div class=\"mdc-textfield\" data-mdc-auto-init=\"MDCTextfield\">\n\t\t\t\t\t<label class=\"mdc-textfield__label\"><\/label>\n\t\t\t\t<\/div>\n\t\t\t<\/div>\n\t\t<\/div>\n\t\t\n<\/p>\n<p>\t\t<div class=\"cf7md-item cf7md-accept cf7md-is-wpcf7v5 mdc-layout-grid__cell mdc-layout-grid__cell--span-12 mdc-layout-grid__cell--span-12-desktop mdc-layout-grid__cell--span-8-tablet mdc-layout-grid__cell--span-4-mobile\">\n\t\t\t\t\t\t<br \/>\n<span class=\"wpcf7-form-control-wrap\" data-name=\"acceptance-273\"><span class=\"wpcf7-form-control wpcf7-acceptance\"><span class=\"wpcf7-list-item\"><label><input type=\"checkbox\" name=\"acceptance-273\" value=\"1\" aria-invalid=\"false\" \/><span class=\"wpcf7-list-item-label\">Al confirmar tu correo y darle al bot\u00f3n enviar est\u00e1s aceptando <a href=\"https:\/\/www.amicsdelpais.com\/avis-legal\" title=\"Tractament de los Dades de Car\u00e0cter Personal\" target=\"_blank\">nuestra pol\u00edtica de privacidad y Tratamiento de los Datos de car\u00e1cter Personal<\/a>. En cumplimiento con lo que establece la ley 15\/1999 de Protecci\u00f3n de Datos Personales te informamos que mantenemos determinados datos personales en nuestros sistemas inform\u00e1ticos. En caso de que no est\u00e9s interesado en recibir m\u00e1s comunicaciones de la Sociedad Econ\u00f3mica Barcelonesa de Amigos del pa\u00eds te rogamos que nos lo indiques remitiendo un mensaje a <a href=\"mailto:info@sebap.com\" target=\"_blank\">info@sebap.com<\/a>. Te recordamos tambi\u00e9n que en virtud de la aplicaci\u00f3n de la Ley de Protecci\u00f3n de Datos de car\u00e1cter personal, en caso necesario, puedes ejercer tus derechos de acceso, rectificaci\u00f3n, cancelaci\u00f3n y oposici\u00f3n, dirigi\u00e9ndote por escrito acompa\u00f1ando copia de documento oficial que te identifique en la SEBAP, domiciliada en la calle Basea, n\u00ba 8, 1-0, <a href=\"mailto:info@sebap.com\" target=\"_blank\">info@sebap.com<\/a> indicando en el sobre o en el asunto del mensaje: SEBAP Pol\u00edtica de Privacidad.<\/span><\/label><\/span><\/span><\/span>\n<\/p>\n<p>\t\t\t<label class=\"cf7md-accept-label\"><\/label>\n\t\t\t<div style=\"display: none;\" class=\"cf7md-checkbox-html\">\n\t\t\t\t<div class=\"mdc-checkbox__background\">\n\t\t\t\t\t<svg version=\"1.1\"\n\t\t\t\t\t\tclass=\"mdc-checkbox__checkmark\"\n\t\t\t\t\t\txmlns=\"http:\/\/www.w3.org\/2000\/svg\"\n\t\t\t\t\t\tviewBox=\"0 0 24 24\"\n\t\t\t\t\t\txml:space=\"preserve\">\n\t\t\t\t\t\t<path class=\"mdc-checkbox__checkmark__path\"\n\t\t\t\t\t\t\tfill=\"none\"\n\t\t\t\t\t\t\tstroke=\"white\"\n\t\t\t\t\t\t\td=\"M1.73,12.91 8.1,19.28 22.79,4.59\"\/>\n\t\t\t\t\t<\/svg>\n\t\t\t\t\t<div class=\"mdc-checkbox__mixedmark\"><\/div>\n\t\t\t\t<\/div>\n\t\t\t<\/div>\n\t\t\t\t\t<\/div>\n\t\t<br \/>\n\t\t<div class=\"cf7md-item cf7md-submit mdc-layout-grid__cell mdc-layout-grid__cell--span-12 mdc-layout-grid__cell--span-12-desktop mdc-layout-grid__cell--span-8-tablet mdc-layout-grid__cell--span-4-mobile\">\n\t\t\t<br \/>\n<input class=\"wpcf7-form-control wpcf7-submit has-spinner\" type=\"submit\" value=\"Enviar\" \/><br \/>\n\t\t\t<svg class=\"cf7md-spinner\" width=\"25px\" height=\"25px\" viewBox=\"0 0 66 66\" xmlns=\"http:\/\/www.w3.org\/2000\/svg\">\n\t\t\t\t<circle class=\"cf7md-spinner-path\" fill=\"none\" stroke-width=\"6\" stroke-linecap=\"round\" cx=\"33\" cy=\"33\" r=\"30\"><\/circle>\n\t\t\t<\/svg>\n\t\t<\/div>\n\t\t\n<\/p>\n\t\t\t\t\t\t\t<\/div>\n\t\t<\/div>\n\t\t\n<\/p><div class=\"wpcf7-response-output\" aria-hidden=\"true\"><\/div>\n<\/form>\n<\/div>\n\n<\/div><\/div>\n\n<\/div><\/div>","protected":false},"excerpt":{"rendered":"<p>Hazte socio Ser socio d&#8217;Amics del Pa\u00eds es formar parte de una entidad hist\u00f3rica, declarada de inter\u00e9s p\u00fablico, que inici\u00f3 su actividad el 1822 y que siempre ha estado al servicio del progreso del pa\u00eds. Con cuyo objeto, Amics del Pa\u00eds vela para generar iniciativas, conferencias y debates de acuerdo con las motivaciones de los asociados y de la actualidad del momento. Ventajas Como socio d&#8217;Amics del Pa\u00eds podr\u00e1s beneficiarte de las siguientes ventajas: Museu Nacional d&#8217;Art de Catalunya: 20% de descuento sobre el precio de la entrada general as\u00ed como de la entrada de las exposiciones de car\u00e1cter temporal. La Vanguardia \u2013 Grupo God\u00f3: Oferta especial de nuevas suscripciones en La Vanguardia con un 40% de descuento en la suscripci\u00f3n anual impresa y digital. Museu de la Vida Rural \u2013 Fundaci\u00f3 Llu\u00eds Carulla: 20% de descuento sobre el precio de la entrada del museo. Obra social de La Caixa: Distribuci\u00f3n gratuita de dos invitaciones por socio dos veces el a\u00f1o para la visita a las exposiciones temporales de los centros Caixaforum Barcelona y Cosmocaixa. Descuentos en las actividades de Barcelona Tribuna. Formulario de petici\u00f3n de alta Llena el siguiente formulario y nos pondremos en contacto contigo para enviarte toda la informaci\u00f3n.<\/p>\n","protected":false},"author":3,"featured_media":0,"parent":0,"menu_order":0,"comment_status":"closed","ping_status":"closed","template":"","meta":{"inline_featured_image":false,"_kad_blocks_custom_css":"","_kad_blocks_head_custom_js":"","_kad_blocks_body_custom_js":"","_kad_blocks_footer_custom_js":"","_price":"","_stock":"","_tribe_ticket_header":"","_tribe_default_ticket_provider":"","_ticket_start_date":"","_ticket_end_date":"","_tribe_ticket_show_description":"","_tribe_ticket_show_not_going":false,"_tribe_ticket_use_global_stock":"","_tribe_ticket_global_stock_level":"","_global_stock_mode":"","_global_stock_cap":"","_tribe_rsvp_for_event":"","_tribe_ticket_going_count":"","_tribe_ticket_not_going_count":"","_tribe_tickets_list":"[]","_tribe_ticket_has_attendee_info_fields":false,"_kad_post_transparent":"","_kad_post_title":"","_kad_post_layout":"","_kad_post_sidebar_id":"","_kad_post_content_style":"","_kad_post_vertical_padding":"","_kad_post_feature":"","_kad_post_feature_position":"","_kad_post_header":false,"_kad_post_footer":false,"_kad_post_classname":"","footnotes":""},"class_list":["post-22586","page","type-page","status-publish","hentry"],"taxonomy_info":[],"featured_image_src_large":false,"author_info":{"display_name":"Llu\u00eds Jard\u00ed","author_link":"https:\/\/www.amicsdelpais.com\/es\/author\/ideadmin\/"},"comment_info":0,"_links":{"self":[{"href":"https:\/\/www.amicsdelpais.com\/es\/wp-json\/wp\/v2\/pages\/22586","targetHints":{"allow":["GET"]}}],"collection":[{"href":"https:\/\/www.amicsdelpais.com\/es\/wp-json\/wp\/v2\/pages"}],"about":[{"href":"https:\/\/www.amicsdelpais.com\/es\/wp-json\/wp\/v2\/types\/page"}],"author":[{"embeddable":true,"href":"https:\/\/www.amicsdelpais.com\/es\/wp-json\/wp\/v2\/users\/3"}],"replies":[{"embeddable":true,"href":"https:\/\/www.amicsdelpais.com\/es\/wp-json\/wp\/v2\/comments?post=22586"}],"version-history":[{"count":3,"href":"https:\/\/www.amicsdelpais.com\/es\/wp-json\/wp\/v2\/pages\/22586\/revisions"}],"predecessor-version":[{"id":22839,"href":"https:\/\/www.amicsdelpais.com\/es\/wp-json\/wp\/v2\/pages\/22586\/revisions\/22839"}],"wp:attachment":[{"href":"https:\/\/www.amicsdelpais.com\/es\/wp-json\/wp\/v2\/media?parent=22586"}],"curies":[{"name":"wp","href":"https:\/\/api.w.org\/{rel}","templated":true}]}}