{"id":22569,"date":"2025-07-31T12:36:53","date_gmt":"2025-07-31T10:36:53","guid":{"rendered":"https:\/\/new.barcelonatribuna.com\/?page_id=22569"},"modified":"2026-04-13T17:39:21","modified_gmt":"2026-04-13T15:39:21","slug":"publicaciones","status":"publish","type":"page","link":"https:\/\/www.amicsdelpais.com\/es\/publicaciones\/","title":{"rendered":"Publicaciones"},"content":{"rendered":"<style>.kb-row-layout-id22569_191b12-ee > .kt-row-column-wrap{align-content:start;}:where(.kb-row-layout-id22569_191b12-ee > .kt-row-column-wrap) > .wp-block-kadence-column{justify-content:start;}.kb-row-layout-id22569_191b12-ee > .kt-row-column-wrap{column-gap:var(--global-kb-gap-md, 2rem);row-gap:var(--global-kb-gap-md, 2rem);padding-top:0px;padding-bottom:80px;grid-template-columns:minmax(0, 1fr);}.kb-row-layout-id22569_191b12-ee > .kt-row-layout-overlay{opacity:0.30;}@media all and (max-width: 1024px){.kb-row-layout-id22569_191b12-ee > .kt-row-column-wrap{grid-template-columns:minmax(0, 1fr);}}@media all and (max-width: 767px){.kb-row-layout-id22569_191b12-ee > .kt-row-column-wrap{grid-template-columns:minmax(0, 1fr);}}<\/style><div class=\"kb-row-layout-wrap kb-row-layout-id22569_191b12-ee alignnone wp-block-kadence-rowlayout\"><div class=\"kt-row-column-wrap kt-has-1-columns kt-row-layout-equal kt-tab-layout-inherit kt-mobile-layout-row kt-row-valign-top\">\n<style>.kadence-column22569_906cd9-7e > .kt-inside-inner-col,.kadence-column22569_906cd9-7e > .kt-inside-inner-col:before{border-top-left-radius:0px;border-top-right-radius:0px;border-bottom-right-radius:0px;border-bottom-left-radius:0px;}.kadence-column22569_906cd9-7e > .kt-inside-inner-col{column-gap:var(--global-kb-gap-sm, 1rem);}.kadence-column22569_906cd9-7e > .kt-inside-inner-col{flex-direction:column;}.kadence-column22569_906cd9-7e > .kt-inside-inner-col > .aligncenter{width:100%;}.kadence-column22569_906cd9-7e > .kt-inside-inner-col:before{opacity:0.3;}.kadence-column22569_906cd9-7e{position:relative;}@media all and (max-width: 1024px){.kadence-column22569_906cd9-7e > .kt-inside-inner-col{flex-direction:column;justify-content:center;}}@media all and (max-width: 767px){.kadence-column22569_906cd9-7e > .kt-inside-inner-col{flex-direction:column;justify-content:center;}}<\/style>\n<div class=\"wp-block-kadence-column kadence-column22569_906cd9-7e\"><div class=\"kt-inside-inner-col\">\n<h1 class=\"wp-block-heading\">Publicaciones<\/h1>\n\n\n\n<h2 class=\"wp-block-heading h5\">Barcelona Tribuna es un foro de opini\u00f3n y debate plural e internacional que se re\u00fane peri\u00f3dicamente durante un comer-conferencia-coloque con destacadas personalidades del mundo econ\u00f3mico, social, cultural y cient\u00edfico.<\/h2>\n<\/div><\/div>\n\n<\/div><\/div>\n\n<style>.kb-row-layout-id22569_195aae-d0 > .kt-row-column-wrap{align-content:start;}:where(.kb-row-layout-id22569_195aae-d0 > .kt-row-column-wrap) > .wp-block-kadence-column{justify-content:start;}.kb-row-layout-id22569_195aae-d0 > .kt-row-column-wrap{column-gap:var(--global-kb-gap-md, 2rem);row-gap:var(--global-kb-gap-md, 2rem);padding-top:0px;padding-bottom:80px;grid-template-columns:minmax(0, 1fr);}.kb-row-layout-id22569_195aae-d0 > .kt-row-layout-overlay{opacity:0.30;}@media all and (max-width: 1024px){.kb-row-layout-id22569_195aae-d0 > .kt-row-column-wrap{grid-template-columns:minmax(0, 1fr);}}@media all and (max-width: 767px){.kb-row-layout-id22569_195aae-d0 > .kt-row-column-wrap{grid-template-columns:minmax(0, 1fr);}}<\/style><div class=\"kb-row-layout-wrap kb-row-layout-id22569_195aae-d0 alignnone wp-block-kadence-rowlayout\"><div class=\"kt-row-column-wrap kt-has-1-columns kt-row-layout-equal kt-tab-layout-inherit kt-mobile-layout-row kt-row-valign-top\">\n<style>.kadence-column22569_05f815-89 > .kt-inside-inner-col,.kadence-column22569_05f815-89 > .kt-inside-inner-col:before{border-top-left-radius:0px;border-top-right-radius:0px;border-bottom-right-radius:0px;border-bottom-left-radius:0px;}.kadence-column22569_05f815-89 > .kt-inside-inner-col{column-gap:var(--global-kb-gap-sm, 1rem);}.kadence-column22569_05f815-89 > .kt-inside-inner-col{flex-direction:column;}.kadence-column22569_05f815-89 > .kt-inside-inner-col > .aligncenter{width:100%;}.kadence-column22569_05f815-89 > .kt-inside-inner-col:before{opacity:0.3;}.kadence-column22569_05f815-89{position:relative;}@media all and (max-width: 1024px){.kadence-column22569_05f815-89 > .kt-inside-inner-col{flex-direction:column;justify-content:center;}}@media all and (max-width: 767px){.kadence-column22569_05f815-89 > .kt-inside-inner-col{flex-direction:column;justify-content:center;}}<\/style>\n<div class=\"wp-block-kadence-column kadence-column22569_05f815-89\"><div class=\"kt-inside-inner-col\">\n<div class=\"wp-block-ultimate-post-post-grid-parent ultp-post-grid-parent\" data-postid=\"22569\" data-grids=\"[{&quot;blockId&quot;:&quot;3126d4&quot;,&quot;name&quot;:&quot;ultimate-post_post-grid-1&quot;}]\" data-pagi=\"[&quot;ultp-block-2a309c&quot;]\">\n<div class=\"wp-block-ultimate-post-advanced-filter ultp-block-5a53da ultp-filter-block\">\t\t\t<div class=\"ultp-block-d4f3c0-wrapper\" data-multiselect=\"true\"\t>\n\n\t\t\t\t\t\t\t\t\t\t\t\t\t<div class=\"ultp-block-d4f3c0 ultp-filter-button wp-block-ultimate-post-filter-select\" role=\"button\" data-blockId=\"d4f3c0\" data-is-active=\"false\" data-builder=\"\" data-current-postid=\"22569\" data-filter-label=\"Todo\"  data-selected=\"_all\" data-type=\"category\">\n\t\t\t\t\tTodo\t\t\t\t<\/div>\n\t\t\t\t\t\t\t\t\t\t\t\t\t<div class=\"ultp-block-d4f3c0 ultp-filter-button wp-block-ultimate-post-filter-select\" role=\"button\" data-blockId=\"d4f3c0\" data-is-active=\"false\" data-builder=\"\" data-current-postid=\"22569\" data-filter-label=\"Todo\"  data-selected=\"manifiesto-anual\" data-type=\"category\">\n\t\t\t\t\tManifiesto anual\t\t\t\t<\/div>\n\t\t\t\t\t\t\t\t\t\t\t\t\t<div class=\"ultp-block-d4f3c0 ultp-filter-button wp-block-ultimate-post-filter-select\" role=\"button\" data-blockId=\"d4f3c0\" data-is-active=\"false\" data-builder=\"\" data-current-postid=\"22569\" data-filter-label=\"Todo\"  data-selected=\"textos-amigos-del-pais\" data-type=\"category\">\n\t\t\t\t\tTextos Amigos del Pa\u00eds\t\t\t\t<\/div>\n\t\t\t\t\t\t\t\t\t\t\t\t\t<div class=\"ultp-block-d4f3c0 ultp-filter-button wp-block-ultimate-post-filter-select\" role=\"button\" data-blockId=\"d4f3c0\" data-is-active=\"false\" data-builder=\"\" data-current-postid=\"22569\" data-filter-label=\"Todo\"  data-selected=\"memorias-anuales\" data-type=\"category\">\n\t\t\t\t\tMemorias anuales\t\t\t\t<\/div>\n\t\t\t\t\t\t\t\t\t\t\t\t\t<div class=\"ultp-block-d4f3c0 ultp-filter-button wp-block-ultimate-post-filter-select\" role=\"button\" data-blockId=\"d4f3c0\" data-is-active=\"false\" data-builder=\"\" data-current-postid=\"22569\" data-filter-label=\"Todo\"  data-selected=\"libros\" data-type=\"category\">\n\t\t\t\t\tLibros\t\t\t\t<\/div>\n\t\t\t\t\t\t\t<\/div>\n\t\t\t\t\n\n\t\t\t<div class=\"ultp-block-d0b152 ultp-filter-select wp-block-ultimate-post-filter-select\" aria-label=\"Select Filter (category)\" data-selected=\"_all\" data-type=\"category\" data-blockId=\"d0b152\" aria-expanded=\"false\" data-builder=\"\" data-current-postid=\"22569\" data-filter-label=\"Comisiones\">\n\t\t\t\t<div class=\"ultp-filter-select-field ultp-filter-select__parent\">\n\t\t\t\t\t<span class=\"ultp-filter-select-field-selected ultp-filter-select__parent-inner\">\n\t\t\t\tComisiones\t\t\t\t\t<\/span>\n\t\t\t\t\t<span class=\"ultp-filter-select-field-icon\">\n\t\t\t\t\t\t<svg xmlns=\"http:\/\/www.w3.org\/2000\/svg\" viewBox=\"0 0 34.1 19.95\"><path d=\"M17.05 19.949.601 3.499a2.05 2.05 0 0 1 2.9-2.9l13.551 13.55L30.603.599a2.05 2.05 0 0 1 2.9 2.9Z\"\/><\/svg>\n\t\t\t\t\t<\/span>\n\t\t\t\t<\/div>\n\t\t\t\t<ul style=\"display: none;\" class=\"ultp-filter-select-options ultp-filter-select__dropdown\">\n\n\t\t\t\t\n\t\t\t\t\t\t\t\t\t\t\t\t\t\t\t\t\t\t\t<li class=\"ultp-filter-select__dropdown-inner\"  data-id=\"_all\">\n\t\t\t\t\t\t\tComisiones\t\t\t\t\t\t<\/li>\n\t\t\t\t\t\t\t\t\t\t\t\t\t\t\t\t\t\t<li class=\"ultp-filter-select__dropdown-inner\"  data-id=\"barcelona_tribuna-publicacions-es\">\n\t\t\t\t\t\t\tBarcelona Tribuna &#8211; Publicaciones\t\t\t\t\t\t<\/li>\n\t\t\t\t\t\t\t\t\t\t\t\t\t\t\t\t\t\t<li class=\"ultp-filter-select__dropdown-inner\"  data-id=\"cercle_financer-publicacions-es\">\n\t\t\t\t\t\t\tC\u00edrculo Financiero &#8211; Publicaciones\t\t\t\t\t\t<\/li>\n\t\t\t\t\t\t\t\t\t\t\t\t\t\t\t\t\t\t<li class=\"ultp-filter-select__dropdown-inner\"  data-id=\"cercle-per-al-coneixement-publicaciones\">\n\t\t\t\t\t\t\tCercle per al Coneixement Publicaciones\t\t\t\t\t\t<\/li>\n\t\t\t\t\t\t\t\t\t\t\t\t\t\t\t\t\t\t<li class=\"ultp-filter-select__dropdown-inner\"  data-id=\"cultura-publicacions-es\">\n\t\t\t\t\t\t\tCultura &#8211; Publicaciones\t\t\t\t\t\t<\/li>\n\t\t\t\t\t\t\t\t\t\t\t\t\t\t\t\t\t\t<li class=\"ultp-filter-select__dropdown-inner\"  data-id=\"economia-publicacions-es\">\n\t\t\t\t\t\t\tEconom\u00eda &#8211; Publicaciones\t\t\t\t\t\t<\/li>\n\t\t\t\t\t\t\t\t\t\t\t\t\t\t\t\t\t\t<li class=\"ultp-filter-select__dropdown-inner\"  data-id=\"educacio-publicacions-es\">\n\t\t\t\t\t\t\tEducaci\u00f3n &#8211; Publicaciones\t\t\t\t\t\t<\/li>\n\t\t\t\t\t\t\t\t\t\t\t\t\t\t\t\t\t\t<li class=\"ultp-filter-select__dropdown-inner\"  data-id=\"salut-publicacions-es\">\n\t\t\t\t\t\t\tSalud &#8211; Publicaciones\t\t\t\t\t\t<\/li>\n\t\t\t\t\t\n\t\t\t\t<\/ul>\n\t\t\t<\/div>\n\n\t\t\t\t\n\n\t\t<div class=\"ultp-block-d1e35b ultp-filter-search wp-block-ultimate-post-filter-search-adv\" aria-label=\"Search Filter\" role=\"searchbox\">\n\t\t\t<div class=\"ultp-filter-search-input\">\n\t\t\t\t<input\n\t\t\t\t\ttype=\"search\"\n\t\t\t\t\tplaceholder=\"Buscar...\"\n\t\t\t\t\/>\n\t\t\t\t<span class=\"ultp-filter-search-input-icon\">\n\t\t\t\t\t<svg xmlns=\"http:\/\/www.w3.org\/2000\/svg\" viewBox=\"0 0 47.05 47.05\"><path stroke=\"rgba(0,0,0,0)\" strokeMiterlimit=\"10\" d=\"m43.051 45.948-9.618-9.616a20.183 20.183 0 1 1 2.9-2.9l9.617 9.616a2.05 2.05 0 1 1-2.9 2.9Zm-22.367-9.179A16.084 16.084 0 1 0 4.6 20.684a16.1 16.1 0 0 0 16.084 16.085Z\"\/><\/svg>\n\t\t\t\t<\/span>\n\t\t\t<\/div>\n\t\t<\/div>\n\t\t\t<\/div>\n\n\n<div  class=\"ultp-post-grid-block wp-block-ultimate-post-post-grid-1 ultp-block-3126d4 block_news\"><div class=\"ultp-block-wrapper\"><div class=\"ultp-loading\"><div class=\"ultp-loading-blocks\" style=\"width:100%;height:100%;\"><div style=\"left: 0;top: 0;animation-delay:0s;\"><\/div><div style=\"left: 21px;top: 0;animation-delay:0.125s;\"><\/div><div style=\"left: 42px;top: 0;animation-delay:0.25s;\"><\/div><div style=\"left: 0;top: 21px;animation-delay:0.875s;\"><\/div><div style=\"left: 42px;top: 21px;animation-delay:0.375s;\"><\/div><div style=\"left: 0;top: 42px;animation-delay:0.75s;\"><\/div><div style=\"left: 42px;top: 42px;animation-delay:0.625s;\"><\/div><div style=\"left: 21px;top: 42px;animation-delay:0.5s;\"><\/div><\/div><\/div><div class=\"ultp-block-items-wrap ultp-block-row ultp-pg1a-style1 ultp-grid1-responsive ultp-block-column-3 ultp-sm-column-2 ultp-xs-column-1 ultp-layout1\"><div class=\"ultp-block-item post-id-41969\"><div class=\"ultp-block-content-wrap\"><div class=\"ultp-block-content\"><h5 class=\"ultp-block-title \"><a href=\"https:\/\/www.amicsdelpais.com\/es\/ciencia-i-salut-publica-amenacades-als-estats-units-com-pot-afectar-a-europa-con-lidia-heredia-i-antoni-trilla\/\" >\u201cCi\u00e8ncia i salut p\u00fablica amena\u00e7ades als Estats Units: com pot afectar a Europa?\u201d con L\u00eddia Heredia i Antoni Trilla<\/a><\/h5><div class=\"ultp-block-meta ultp-block-meta-dot ultp-block-meta-icon\"><span class=\"ultp-block-date ultp-block-meta-element\"><svg xmlns=\"http:\/\/www.w3.org\/2000\/svg\" fill=\"none\" viewBox=\"0 0 24 24\">\n  <path stroke=\"currentColor\" stroke-linecap=\"round\" stroke-linejoin=\"round\" stroke-width=\"1.5\" d=\"M3 5.5a2 2 0 0 1 2-2h14a2 2 0 0 1 2 2v14a2 2 0 0 1-2 2H5a2 2 0 0 1-2-2v-14ZM8 2v3m8-3v3M3 9h18\"\/>\n<\/svg>\nMar 25, 2026<\/span><\/div><div class=\"ultp-block-excerpt\"><p>El martes, 24 de marzo, la comisi\u00f3n de Salud de Amics del Pa\u00eds celebr\u00f3, en el Palau Macaya de la&hellip;<\/p>\n<\/div><\/div><\/div><\/div><div class=\"ultp-block-item post-id-41555\"><div class=\"ultp-block-content-wrap\"><div class=\"ultp-block-content\"><h5 class=\"ultp-block-title \"><a href=\"https:\/\/www.amicsdelpais.com\/es\/amics-del-pais-refuerza-su-compromiso-con-el-talento-y-la-cohesion-social-destinando-mas-de-85-000-euros-para-fomentar-la-excelencia-investigadora-y-la-igualdad-de-oportunidades\/\" >Amics del Pa\u00eds refuerza su compromiso con el talento y la cohesi\u00f3n social<\/a><\/h5><div class=\"ultp-block-meta ultp-block-meta-dot ultp-block-meta-icon\"><span class=\"ultp-block-date ultp-block-meta-element\"><svg xmlns=\"http:\/\/www.w3.org\/2000\/svg\" fill=\"none\" viewBox=\"0 0 24 24\">\n  <path stroke=\"currentColor\" stroke-linecap=\"round\" stroke-linejoin=\"round\" stroke-width=\"1.5\" d=\"M3 5.5a2 2 0 0 1 2-2h14a2 2 0 0 1 2 2v14a2 2 0 0 1-2 2H5a2 2 0 0 1-2-2v-14ZM8 2v3m8-3v3M3 9h18\"\/>\n<\/svg>\nMar 18, 2026<\/span><\/div><div class=\"ultp-block-excerpt\"><p>Amics del Pa\u00eds ha celebrado una nueva edici\u00f3n de la entrega de sus premios anuales, consolidando su papel como una&hellip;<\/p>\n<\/div><\/div><\/div><\/div><div class=\"ultp-block-item post-id-41000\"><div class=\"ultp-block-content-wrap\"><div class=\"ultp-block-content\"><h5 class=\"ultp-block-title \"><a href=\"https:\/\/www.amicsdelpais.com\/es\/por-un-liderazgo-europeo-en-defensa-del-ordenamiento-nacional-con-margarita-robles\/\" >\u201cPor un liderazgo europeo en defensa del ordenamiento nacional\u201d con Margarita Robles<\/a><\/h5><div class=\"ultp-block-meta ultp-block-meta-dot ultp-block-meta-icon\"><span class=\"ultp-block-date ultp-block-meta-element\"><svg xmlns=\"http:\/\/www.w3.org\/2000\/svg\" fill=\"none\" viewBox=\"0 0 24 24\">\n  <path stroke=\"currentColor\" stroke-linecap=\"round\" stroke-linejoin=\"round\" stroke-width=\"1.5\" d=\"M3 5.5a2 2 0 0 1 2-2h14a2 2 0 0 1 2 2v14a2 2 0 0 1-2 2H5a2 2 0 0 1-2-2v-14ZM8 2v3m8-3v3M3 9h18\"\/>\n<\/svg>\nMar 10, 2026<\/span><\/div><div class=\"ultp-block-excerpt\"><p>El Palau Macaya de la Fundaci\u00f3n \u201cla Caixa\u201d acogi\u00f3 el pasado jueves 5 de marzo una nueva sesi\u00f3n del ciclo&hellip;<\/p>\n<\/div><\/div><\/div><\/div><div class=\"ultp-block-item post-id-40939\"><div class=\"ultp-block-content-wrap\"><div class=\"ultp-block-content\"><h5 class=\"ultp-block-title \"><a href=\"https:\/\/www.amicsdelpais.com\/es\/el-papel-de-amics-del-pais-en-la-recuperacion-de-la-universitat-de-barcelona\/\" >El papel de Amics del Pa\u00eds en la recuperaci\u00f3n de la Universitat de Barcelona<\/a><\/h5><div class=\"ultp-block-meta ultp-block-meta-dot ultp-block-meta-icon\"><span class=\"ultp-block-date ultp-block-meta-element\"><svg xmlns=\"http:\/\/www.w3.org\/2000\/svg\" fill=\"none\" viewBox=\"0 0 24 24\">\n  <path stroke=\"currentColor\" stroke-linecap=\"round\" stroke-linejoin=\"round\" stroke-width=\"1.5\" d=\"M3 5.5a2 2 0 0 1 2-2h14a2 2 0 0 1 2 2v14a2 2 0 0 1-2 2H5a2 2 0 0 1-2-2v-14ZM8 2v3m8-3v3M3 9h18\"\/>\n<\/svg>\nMar 10, 2026<\/span><\/div><div class=\"ultp-block-excerpt\"><p>La recuperaci\u00f3n de la Universitat de Barcelona en 1837 fue el resultado de un largo proceso de reivindicaci\u00f3n impulsado por&hellip;<\/p>\n<\/div><\/div><\/div><\/div><div class=\"ultp-block-item post-id-40930\"><div class=\"ultp-block-content-wrap\"><div class=\"ultp-block-content\"><h5 class=\"ultp-block-title \"><a href=\"https:\/\/www.amicsdelpais.com\/es\/historia-de-los-premios-amics-del-pais\/\" >Historia de los premios Amics del Pa\u00eds<\/a><\/h5><div class=\"ultp-block-meta ultp-block-meta-dot ultp-block-meta-icon\"><span class=\"ultp-block-date ultp-block-meta-element\"><svg xmlns=\"http:\/\/www.w3.org\/2000\/svg\" fill=\"none\" viewBox=\"0 0 24 24\">\n  <path stroke=\"currentColor\" stroke-linecap=\"round\" stroke-linejoin=\"round\" stroke-width=\"1.5\" d=\"M3 5.5a2 2 0 0 1 2-2h14a2 2 0 0 1 2 2v14a2 2 0 0 1-2 2H5a2 2 0 0 1-2-2v-14ZM8 2v3m8-3v3M3 9h18\"\/>\n<\/svg>\nMar 10, 2026<\/span><\/div><div class=\"ultp-block-excerpt\"><p>Los premios Amics del Pa\u00eds, que constan actualmente de las Becas Dr. Joan Guinovart, el premio Llegat Valldejuli y el&hellip;<\/p>\n<\/div><\/div><\/div><\/div><div class=\"ultp-block-item post-id-39831\"><div class=\"ultp-block-content-wrap\"><div class=\"ultp-block-content\"><h5 class=\"ultp-block-title \"><a href=\"https:\/\/www.amicsdelpais.com\/es\/europa-hacia-su-soberania-e-independencia-barcelona-tribuna-con-jose-manuel-albares\/\" >\u201cEuropa, hacia su soberan\u00eda e independencia\u201d | Barcelona Tribuna con Jos\u00e9 Manuel Albares<\/a><\/h5><div class=\"ultp-block-meta ultp-block-meta-dot ultp-block-meta-icon\"><span class=\"ultp-block-date ultp-block-meta-element\"><svg xmlns=\"http:\/\/www.w3.org\/2000\/svg\" fill=\"none\" viewBox=\"0 0 24 24\">\n  <path stroke=\"currentColor\" stroke-linecap=\"round\" stroke-linejoin=\"round\" stroke-width=\"1.5\" d=\"M3 5.5a2 2 0 0 1 2-2h14a2 2 0 0 1 2 2v14a2 2 0 0 1-2 2H5a2 2 0 0 1-2-2v-14ZM8 2v3m8-3v3M3 9h18\"\/>\n<\/svg>\nFeb 23, 2026<\/span><\/div><div class=\"ultp-block-excerpt\"><p>El pasado viernes 20 de febrero de 2026, el Palau Macaya de la Fundaci\u00f3n \u00abla Caixa\u00bb acogi\u00f3 la inauguraci\u00f3n del&hellip;<\/p>\n<\/div><\/div><\/div><\/div><div class=\"ultp-block-item post-id-35037\"><div class=\"ultp-block-content-wrap\"><div class=\"ultp-block-content\"><h5 class=\"ultp-block-title \"><a href=\"https:\/\/www.amicsdelpais.com\/es\/llibre-societat-damics-del-pais-vol-ii\/\" >Llibre Societat d&#8217;Amics del Pa\u00eds Vol II<\/a><\/h5><div class=\"ultp-block-meta ultp-block-meta-dot ultp-block-meta-icon\"><span class=\"ultp-block-date ultp-block-meta-element\"><svg xmlns=\"http:\/\/www.w3.org\/2000\/svg\" fill=\"none\" viewBox=\"0 0 24 24\">\n  <path stroke=\"currentColor\" stroke-linecap=\"round\" stroke-linejoin=\"round\" stroke-width=\"1.5\" d=\"M3 5.5a2 2 0 0 1 2-2h14a2 2 0 0 1 2 2v14a2 2 0 0 1-2 2H5a2 2 0 0 1-2-2v-14ZM8 2v3m8-3v3M3 9h18\"\/>\n<\/svg>\nDic 19, 2025<\/span><\/div><div class=\"ultp-block-excerpt\"><p>COMPROM\u00cdS I PROGR\u00c9S. La Societat Econ\u00f2mica Barcelonesa d\u2019Amics del Pa\u00eds. II. Del 1875 als temps recents.<\/p>\n<\/div><\/div><\/div><\/div><div class=\"ultp-block-item post-id-35024\"><div class=\"ultp-block-content-wrap\"><div class=\"ultp-block-content\"><h5 class=\"ultp-block-title \"><a href=\"https:\/\/www.amicsdelpais.com\/es\/llibre-societat-damics-del-pais-vol-i\/\" >Llibre Societat d&#8217;Amics del Pa\u00eds Vol I<\/a><\/h5><div class=\"ultp-block-meta ultp-block-meta-dot ultp-block-meta-icon\"><span class=\"ultp-block-date ultp-block-meta-element\"><svg xmlns=\"http:\/\/www.w3.org\/2000\/svg\" fill=\"none\" viewBox=\"0 0 24 24\">\n  <path stroke=\"currentColor\" stroke-linecap=\"round\" stroke-linejoin=\"round\" stroke-width=\"1.5\" d=\"M3 5.5a2 2 0 0 1 2-2h14a2 2 0 0 1 2 2v14a2 2 0 0 1-2 2H5a2 2 0 0 1-2-2v-14ZM8 2v3m8-3v3M3 9h18\"\/>\n<\/svg>\nDic 19, 2025<\/span><\/div><div class=\"ultp-block-excerpt\"><p>COMPROM\u00cdS I PROGR\u00c9S. La Societat Econ\u00f2mica Barcelonesa d\u2019Amics del Pa\u00eds. I. Del 1822 al 1874<\/p>\n<\/div><\/div><\/div><\/div><div class=\"ultp-block-item post-id-31523\"><div class=\"ultp-block-content-wrap\"><div class=\"ultp-block-content\"><h5 class=\"ultp-block-title \"><a href=\"https:\/\/www.amicsdelpais.com\/es\/organitzacio-de-les-nacions-unides-80-anys\/\" >Organitzaci\u00f3 de les Nacions Unides: 80 anys<\/a><\/h5><div class=\"ultp-block-meta ultp-block-meta-dot ultp-block-meta-icon\"><span class=\"ultp-block-date ultp-block-meta-element\"><svg xmlns=\"http:\/\/www.w3.org\/2000\/svg\" fill=\"none\" viewBox=\"0 0 24 24\">\n  <path stroke=\"currentColor\" stroke-linecap=\"round\" stroke-linejoin=\"round\" stroke-width=\"1.5\" d=\"M3 5.5a2 2 0 0 1 2-2h14a2 2 0 0 1 2 2v14a2 2 0 0 1-2 2H5a2 2 0 0 1-2-2v-14ZM8 2v3m8-3v3M3 9h18\"\/>\n<\/svg>\nNov 5, 2025<\/span><\/div><div class=\"ultp-block-excerpt\"><p>Barcelona Tribuna de Amics del Pa\u00eds celebr\u00f3 la conversaci\u00f3n \u00abOrganitzaci\u00f3 de les Nacions Unides: 80 anys\u00bb entre el conseller de&hellip;<\/p>\n<\/div><\/div><\/div><\/div><\/div><\/div><div class=\"pagination-block-html\" aria-hidden=\"true\" style=\"display: none;\"><div class=\"ultp-pagination-wrap ultp-pagination-ajax-action\" data-filter-is-adv=\"1\" data-filter-type=\"multiTaxonomy\" data-filter-value=\"[]\" data-filter-author=\"[]\" data-filter-order=\"desc\" data-filter-orderby=\"date\" data-filter-search=\"\" data-filter-adv-sort=\"\" data-for=\"ultp-block-3126d4\"  data-blockid=\"3126d4\"  data-expost=\"\"  data-paged=\"1\"  data-pages=\"91\"  data-blockname=\"ultimate-post_post-grid-1\"  data-postid=\"22569\"  data-selfpostid=\"yes\" ><ul class=\"ultp-pagination\"><li class=\"ultp-prev-page-numbers\" style=\"display:none\"><a href=\"https:\/\/www.amicsdelpais.com\/es\/wp-json\/wp\/v2\/pages\/22569\/\"><svg xmlns=\"http:\/\/www.w3.org\/2000\/svg\" fill=\"none\" viewBox=\"0 0 24 24\">\n  <path stroke=\"currentColor\" stroke-linecap=\"round\" stroke-linejoin=\"round\" stroke-width=\"1.5\" d=\"m15 18-6-6 6-6\"\/>\n<\/svg>\n <\/a><\/li><li class=\"ultp-first-pages\" style=\"display:none\" data-current=\"1\"><a href=\"https:\/\/www.amicsdelpais.com\/es\/wp-json\/wp\/v2\/pages\/22569\/\">1<\/a><\/li><li class=\"ultp-first-dot\"style=\"display:none\"><a href=\"#\">&#8230;<\/a><\/li><li class=\"ultp-center-item pagination-active\" data-current=\"1\"><a href=\"https:\/\/www.amicsdelpais.com\/es\/wp-json\/wp\/v2\/pages\/22569\/\">1<\/a><\/li><li class=\"ultp-center-item\" data-current=\"2\" ><a href=\"https:\/\/www.amicsdelpais.com\/es\/wp-json\/wp\/v2\/pages\/22569\/page\/2\/\">2<\/a><\/li><li class=\"ultp-center-item\" data-current=\"3\" ><a href=\"https:\/\/www.amicsdelpais.com\/es\/wp-json\/wp\/v2\/pages\/22569\/page\/3\/\">3<\/a><\/li><li class=\"ultp-last-dot\" ><a href=\"#\">&#8230;<\/a><\/li><li class=\"ultp-last-pages\" data-current=\"91\"><a href=\"https:\/\/www.amicsdelpais.com\/es\/wp-json\/wp\/v2\/pages\/22569\/page\/91\/\">91<\/a><\/li><li class=\"ultp-next-page-numbers\"><a href=\"https:\/\/www.amicsdelpais.com\/es\/wp-json\/wp\/v2\/pages\/22569\/page\/2\/\"><svg xmlns=\"http:\/\/www.w3.org\/2000\/svg\" fill=\"none\" viewBox=\"0 0 24 24\">\n  <path stroke=\"currentColor\" stroke-linecap=\"round\" stroke-linejoin=\"round\" stroke-width=\"1.5\" d=\"m9 18 6-6-6-6\"\/>\n<\/svg>\n<\/a><\/li><\/ul><\/div><\/div><\/div>\n\n\n<div class=\"wp-block-ultimate-post-post-pagination ultp-block-2a309c ultp-pagination-block ultp-pagination-wrap\"><div class=\"ultp-pagination-wrap ultp-disable-editor-click ultp-pagination-ajax-action\"><ul class=\"ultp-pagination\"><li><a href=\"#\" class=\"ultp-prev-page-numbers\"><svg enable-background=\"new 0 0 477.175 477.175\" version=\"1.1\" viewBox=\"0 0 477.18 477.18\"><path d=\"m145.19 238.58 215.5-215.5c5.3-5.3 5.3-13.8 0-19.1s-13.8-5.3-19.1 0l-225.1 225.1c-5.3 5.3-5.3 13.8 0 19.1l225.1 225c2.6 2.6 6.1 4 9.5 4s6.9-1.3 9.5-4c5.3-5.3 5.3-13.8 0-19.1l-215.4-215.5z\"><\/path><\/svg><\/a><\/li><li><a href=\"#\">1<\/a><\/li><li><a href=\"#\">2<\/a><\/li><li><a href=\"#\">3<\/a><\/li><li><a href=\"#\" class=\"ultp-next-page-numbers\"><svg enable-background=\"new 0 0 477.175 477.175\" version=\"1.1\" viewBox=\"0 0 477.18 477.18\"><path d=\"m360.73 229.08-225.1-225.1c-5.3-5.3-13.8-5.3-19.1 0s-5.3 13.8 0 19.1l215.5 215.5-215.5 215.5c-5.3 5.3-5.3 13.8 0 19.1 2.6 2.6 6.1 4 9.5 4s6.9-1.3 9.5-4l225.1-225.1c5.3-5.2 5.3-13.8 0.1-19z\"><\/path><\/svg><\/a><\/li><\/ul><\/div><\/div>\n<\/div>\n<\/div><\/div>\n\n<\/div><\/div>","protected":false},"excerpt":{"rendered":"<p>Publicaciones Barcelona Tribuna es un foro de opini\u00f3n y debate plural e internacional que se re\u00fane peri\u00f3dicamente durante un comer-conferencia-coloque con destacadas personalidades del mundo econ\u00f3mico, social, cultural y cient\u00edfico.<\/p>\n","protected":false},"author":3,"featured_media":0,"parent":0,"menu_order":0,"comment_status":"closed","ping_status":"closed","template":"","meta":{"inline_featured_image":false,"_kad_blocks_custom_css":"","_kad_blocks_head_custom_js":"","_kad_blocks_body_custom_js":"","_kad_blocks_footer_custom_js":"","_price":"","_stock":"","_tribe_ticket_header":"","_tribe_default_ticket_provider":"","_tribe_ticket_capacity":"0","_ticket_start_date":"","_ticket_end_date":"","_tribe_ticket_show_description":"","_tribe_ticket_show_not_going":false,"_tribe_ticket_use_global_stock":"","_tribe_ticket_global_stock_level":"","_global_stock_mode":"","_global_stock_cap":"","_tribe_rsvp_for_event":"","_tribe_ticket_going_count":"","_tribe_ticket_not_going_count":"","_tribe_tickets_list":"[]","_tribe_ticket_has_attendee_info_fields":false,"_kad_post_transparent":"","_kad_post_title":"","_kad_post_layout":"","_kad_post_sidebar_id":"","_kad_post_content_style":"","_kad_post_vertical_padding":"","_kad_post_feature":"","_kad_post_feature_position":"","_kad_post_header":false,"_kad_post_footer":false,"_kad_post_classname":"","footnotes":""},"class_list":["post-22569","page","type-page","status-publish","hentry"],"taxonomy_info":[],"featured_image_src_large":false,"author_info":{"display_name":"Llu\u00eds Jard\u00ed","author_link":"https:\/\/www.amicsdelpais.com\/es\/author\/ideadmin\/"},"comment_info":0,"_links":{"self":[{"href":"https:\/\/www.amicsdelpais.com\/es\/wp-json\/wp\/v2\/pages\/22569","targetHints":{"allow":["GET"]}}],"collection":[{"href":"https:\/\/www.amicsdelpais.com\/es\/wp-json\/wp\/v2\/pages"}],"about":[{"href":"https:\/\/www.amicsdelpais.com\/es\/wp-json\/wp\/v2\/types\/page"}],"author":[{"embeddable":true,"href":"https:\/\/www.amicsdelpais.com\/es\/wp-json\/wp\/v2\/users\/3"}],"replies":[{"embeddable":true,"href":"https:\/\/www.amicsdelpais.com\/es\/wp-json\/wp\/v2\/comments?post=22569"}],"version-history":[{"count":17,"href":"https:\/\/www.amicsdelpais.com\/es\/wp-json\/wp\/v2\/pages\/22569\/revisions"}],"predecessor-version":[{"id":42888,"href":"https:\/\/www.amicsdelpais.com\/es\/wp-json\/wp\/v2\/pages\/22569\/revisions\/42888"}],"wp:attachment":[{"href":"https:\/\/www.amicsdelpais.com\/es\/wp-json\/wp\/v2\/media?parent=22569"}],"curies":[{"name":"wp","href":"https:\/\/api.w.org\/{rel}","templated":true}]}}