{"id":2226,"date":"2018-05-07T10:04:29","date_gmt":"2018-05-07T08:04:29","guid":{"rendered":"https:\/\/barcelonatribuna.com\/?page_id=2226"},"modified":"2025-08-05T12:42:49","modified_gmt":"2025-08-05T10:42:49","slug":"aviso-legal","status":"publish","type":"page","link":"https:\/\/www.amicsdelpais.com\/es\/aviso-legal\/","title":{"rendered":"Aviso legal"},"content":{"rendered":"\n<h1 class=\"wp-block-heading\">Aviso legal y Pol\u00edtica de privacitat<\/h1>\n\n\n\n<h3 class=\"wp-block-heading\">1. Derechos de Propiedad Intelectual.<\/h3>\n\n\n\n<p>Tots los contenidos del website <strong><a href=\"https:\/\/www.amicsdelpais.com\/\">www.amicsdelpais.com<\/a><\/strong>, ya sean textos, im\u00e1genes, sonidos, ficheros, animaciones, o cualquier otro elemento de su dise\u00f1o o estructura son propiedad exclusiva de SOCIEDAD ECON\u00d3MICA BARCELONESA De AMIGOS DEL PA\u00cdS, la cual es titular de la p\u00e1gina web domiciliada en la calle Basea, n.\u00ba 8, 1-1, Cp 08003 Barcelona, con NIF G-08406605, email: <a href=\"mailto:info@sebap.com\">info@sebap.com<\/a>, e inscrita al n\u00famero 21390 del Registro d\u00b4Asociaciones de la Generalitat de Catalu\u00f1a. Cualquier acto de distribuci\u00f3n o comunicaci\u00f3n p\u00fablica, reproducci\u00f3n o almacenamiento total o parcial, tiene que hacerse con el consentimiento previo y por escrito de los responsables de SOCIEDAD ECON\u00d3MICA BARCELONESA De AMIGOS DEL PA\u00cdS.<\/p>\n\n\n\n<h3 class=\"wp-block-heading\" id=\"dades\">2. Tratamiento de los Datos de Car\u00e1cter Personal. Pol\u00edtica de privacidad.<\/h3>\n\n\n\n<h5 class=\"wp-block-heading\">Qui\u00e9n es el responsable del tratamiento de sus datos personales?<\/h5>\n\n\n\n<p><strong>Identidad:<\/strong> Societat Econ\u00f2mica Barcelonesa d\u2019Amics del Pa\u00eds (SEBAP)<br><strong>Domicilio social: <\/strong>C\/ Basea, 8 1r 1a. 08003 Barcelona<br><strong>C.I.F.: <\/strong>G08406605<br><strong>E-mail:<\/strong> <a href=\"mailto:info@sebap.com\">info@sebap.com<\/a><br><strong>Tel\u00e9fono:<\/strong> 933 192 854<br><strong>Datos de contacto del DPO:<\/strong> <a href=\"mailto:info@sebap.com\">info@sebap.com<\/a><\/p>\n\n\n\n<h5 class=\"wp-block-heading\">Con qu\u00e9 finalidad tratamos sus datos personales?<\/h5>\n\n\n\n<p>Tratamos la informaci\u00f3n que nos facilita el usuario con el fin de gestionar las solo\u2022licitudes de informaci\u00f3n realizadas a trav\u00e9s del web www.sebap.com y, si procede, enviarle comunicaciones de actividades y publicaciones que puedan ser de su inter\u00e9s.<\/p>\n\n\n\n<h5 class=\"wp-block-heading\">Por cu\u00e1nto de tiempo conservaremos sus datos?<\/h5>\n\n\n\n<p>Los datos personales proporcionados se conservar\u00e1n mientras no se suele\u2022licite su supresi\u00f3n por parte del usuario.<\/p>\n\n\n\n<h5 class=\"wp-block-heading\">Cu\u00e1l es la legitimaci\u00f3n para el tratamiento de sus datos?<\/h5>\n\n\n\n<p>La base legal para el tratamiento de datos es el consentimiento del usuario prestado mediante la aceptaci\u00f3n de la cl\u00e1usula del tratamiento de datos.<\/p>\n\n\n\n<p>En los formularios del sitio web, har\u00e1 falta que el usuario rellene los campos marcados como \u00abobligatorios\u00bb. Si no se facilitan todos los datos de car\u00e1cter personal requeridos por la SEBAP, podr\u00eda implicar una incompleta atenci\u00f3n de la solo\u2022licitud requerida.<\/p>\n\n\n\n<p>El usuario tendr\u00e1 que comunicar a SEBAP sus datos personales actuales a fin de que la informaci\u00f3n contenida en sus ficheros est\u00e9 actualizada y sin errores.<\/p>\n\n\n\n<h5 class=\"wp-block-heading\">A qu\u00e9 destinatarios se comunicar\u00e1n sus datos?<\/h5>\n\n\n\n<p>Se ceder\u00e1n datos a MailChimp para el env\u00edo de los boletines informativos.<\/p>\n\n\n\n<h5 class=\"wp-block-heading\">Cu\u00e1les son sus derechos cuando nos facilita sus datos personales?<\/h5>\n\n\n\n<p>El usuario puede ejercer su derecho de acceso en los datos personales, as\u00ed como suele\u2022licitar la rectificaci\u00f3n de los datos inexactos o, si procede, suele\u2022licitar su supresi\u00f3n cuando los datos ya no sean necesarias para la finalidad por la cual fueron recogidas. Tambi\u00e9n podr\u00e1 suele\u2022licitar la limitaci\u00f3n, portabilidad y oposici\u00f3n del tratamiento de sus datos, en determinadas circunstancias y por motivos relacionados con su situaci\u00f3n particular.<\/p>\n\n\n\n<p>Igualmente, tiene derecho a revocar su consentimiento en cualquier momento sin que esto afecte de manera retroactiva al tratamiento de datos personales realizado hasta este momento.<\/p>\n\n\n\n<p>El usuario podr\u00e1 ejercitar los derechos referidos anteriormente, en los t\u00e9rminos y condiciones que prev\u00e9 la legislaci\u00f3n vigente, en el domicilio social de la SEBAP (C\/ Basea,8 1.\u00ba 1.\u00aa 08003 Barcelona) o suele\u2022licitarlo mediante el env\u00edo de correo electr\u00f3nico a <a href=\"mailto:info@sebap.com\">info@sebap.com<\/a>.<\/p>\n\n\n\n<p>En el supuesto de que no obtenga una respuesta satisfactoria y desee formular una reclamaci\u00f3n u obtener m\u00e1s informaci\u00f3n al respecto de cualquier de estos derechos, puede acudir a la Agencia Espa\u00f1ola de Protecci\u00f3n de Datos (www.agpd.es &#8211; C \/ Jorge Juan, 6 de Madrid).<\/p>\n\n\n\n<h3 class=\"wp-block-heading\">3. Garant\u00eda del anonimato en la navegaci\u00f3n por la p\u00e1gina web.<\/h3>\n\n\n\n<p>SOCIETAT ECON\u00d2MICA BARCELONESA D\u2019AMICS DEL PA\u00cdS realiza el seguimiento y el an\u00e1lisis estad\u00edstico del tr\u00e1fico de visitas al website con el objetivo de mejorar y optimizar la estructura y contenidos ofrecidos. La informaci\u00f3n estad\u00edstica obtenida es totalmente an\u00f3nima y en ning\u00fan caso puede asociarse ni permitir la identificaci\u00f3n de un usuario concreto.<\/p>\n\n\n\n<h3 class=\"wp-block-heading\">4. Links.<\/h3>\n\n\n\n<p>La p\u00e1gina web puede contener enlaces hipertextuales (links) en otras p\u00e1ginas web gestionadas miedo terceros. El objetivo de estos enlaces es informar a los usuarios otras fuentes de informaci\u00f3n existentes en la red que puedan ser de inter\u00e9s. SOCIETAT ECON\u00d2MICA BARCELONESA D\u2019AMICS DEL PA\u00cdS no se hace en ning\u00fan caso responsable de la informaci\u00f3n referenciada en estos links y no gestionada directamente por la SOCIETAT ECON\u00d2MICA BARCELONESA D\u2019AMICS DEL PA\u00cdS.<\/p>\n\n\n\n<h3 class=\"wp-block-heading\">5. Disponibilidad y Accesibilidad al sitio web.<\/h3>\n\n\n\n<p>SOCIETAT ECON\u00d2MICA BARCELONESA D\u2019AMICS DEL PA\u00cdS no garantiza en ning\u00fan caso la disponibilidad y continuidad del funcionamiento de la p\u00e1gina web y de los servicios, que pueden sufrir interrupciones por causas ajenas a la empresa. En la medida que sea posible, SOCIETAT ECON\u00d2MICA BARCELONESA D\u2019AMICS DEL PA\u00cdS avisar\u00e1 con antelaci\u00f3n de cualquier tipo de interrupci\u00f3n en el funcionamiento que pueda sufrir la p\u00e1gina web.<\/p>\n\n\n\n<p>SOCIETAT ECON\u00d2MICA BARCELONESA D\u2019AMICS DEL PA\u00cdS excluye cualquier responsabilidad por los da\u00f1os y perjuicios que la carencia de disponibilidad de la p\u00e1gina web pueda causar a sus usuarios.<\/p>\n\n\n\n<div style=\"height:80px\" aria-hidden=\"true\" class=\"wp-block-spacer\"><\/div>\n","protected":false},"excerpt":{"rendered":"<p>Aviso legal y Pol\u00edtica de privacitat 1. Derechos de Propiedad Intelectual. Tots los contenidos del website www.amicsdelpais.com, ya sean textos, im\u00e1genes, sonidos, ficheros, animaciones, o cualquier otro elemento de su dise\u00f1o o estructura son propiedad exclusiva de SOCIEDAD ECON\u00d3MICA BARCELONESA De AMIGOS DEL PA\u00cdS, la cual es titular de la p\u00e1gina web domiciliada en la calle Basea, n.\u00ba 8, 1-1, Cp 08003 Barcelona, con NIF G-08406605, email: info@sebap.com, e inscrita al n\u00famero 21390 del Registro d\u00b4Asociaciones de la Generalitat de Catalu\u00f1a. Cualquier acto de distribuci\u00f3n o comunicaci\u00f3n p\u00fablica, reproducci\u00f3n o almacenamiento total o parcial, tiene que hacerse con el consentimiento previo y por escrito de los responsables de SOCIEDAD ECON\u00d3MICA BARCELONESA De AMIGOS DEL PA\u00cdS. 2. Tratamiento de los Datos de Car\u00e1cter Personal. Pol\u00edtica de privacidad. Qui\u00e9n es el responsable del tratamiento de sus datos personales? Identidad: Societat Econ\u00f2mica Barcelonesa d\u2019Amics del Pa\u00eds (SEBAP)Domicilio social: C\/ Basea, 8 1r 1a. 08003 BarcelonaC.I.F.: G08406605E-mail: info@sebap.comTel\u00e9fono: 933 192 854Datos de contacto del DPO: info@sebap.com Con qu\u00e9 finalidad tratamos sus datos personales? Tratamos la informaci\u00f3n que nos facilita el usuario con el fin de gestionar las solo\u2022licitudes de informaci\u00f3n realizadas a trav\u00e9s del web www.sebap.com y, si procede, enviarle comunicaciones de actividades y publicaciones que puedan ser de su inter\u00e9s. Por cu\u00e1nto de tiempo conservaremos sus datos? Los datos personales proporcionados se conservar\u00e1n mientras no se suele\u2022licite su supresi\u00f3n por parte del usuario. Cu\u00e1l es la legitimaci\u00f3n para el tratamiento de sus datos? La base legal para el tratamiento de datos es el consentimiento del usuario prestado mediante la aceptaci\u00f3n de la cl\u00e1usula del tratamiento de datos. En los formularios del sitio web, har\u00e1 falta que el usuario rellene los campos marcados como \u00abobligatorios\u00bb. Si no se facilitan todos los datos de car\u00e1cter personal requeridos por la SEBAP, podr\u00eda implicar una incompleta atenci\u00f3n&#8230;<\/p>\n","protected":false},"author":3,"featured_media":0,"parent":0,"menu_order":0,"comment_status":"closed","ping_status":"closed","template":"","meta":{"inline_featured_image":false,"_kad_blocks_custom_css":"","_kad_blocks_head_custom_js":"","_kad_blocks_body_custom_js":"","_kad_blocks_footer_custom_js":"","_price":"","_stock":"","_tribe_ticket_header":"","_tribe_default_ticket_provider":"","_ticket_start_date":"","_ticket_end_date":"","_tribe_ticket_show_description":"","_tribe_ticket_show_not_going":false,"_tribe_ticket_use_global_stock":"","_tribe_ticket_global_stock_level":"","_global_stock_mode":"","_global_stock_cap":"","_tribe_rsvp_for_event":"","_tribe_ticket_going_count":"","_tribe_ticket_not_going_count":"","_tribe_tickets_list":"[]","_tribe_ticket_has_attendee_info_fields":false,"_kad_post_transparent":"","_kad_post_title":"","_kad_post_layout":"","_kad_post_sidebar_id":"","_kad_post_content_style":"","_kad_post_vertical_padding":"","_kad_post_feature":"","_kad_post_feature_position":"","_kad_post_header":false,"_kad_post_footer":false,"_kad_post_classname":"","footnotes":""},"class_list":["post-2226","page","type-page","status-publish","hentry"],"taxonomy_info":[],"featured_image_src_large":false,"author_info":{"display_name":"Llu\u00eds Jard\u00ed","author_link":"https:\/\/www.amicsdelpais.com\/es\/author\/ideadmin\/"},"comment_info":0,"_links":{"self":[{"href":"https:\/\/www.amicsdelpais.com\/es\/wp-json\/wp\/v2\/pages\/2226","targetHints":{"allow":["GET"]}}],"collection":[{"href":"https:\/\/www.amicsdelpais.com\/es\/wp-json\/wp\/v2\/pages"}],"about":[{"href":"https:\/\/www.amicsdelpais.com\/es\/wp-json\/wp\/v2\/types\/page"}],"author":[{"embeddable":true,"href":"https:\/\/www.amicsdelpais.com\/es\/wp-json\/wp\/v2\/users\/3"}],"replies":[{"embeddable":true,"href":"https:\/\/www.amicsdelpais.com\/es\/wp-json\/wp\/v2\/comments?post=2226"}],"version-history":[{"count":9,"href":"https:\/\/www.amicsdelpais.com\/es\/wp-json\/wp\/v2\/pages\/2226\/revisions"}],"predecessor-version":[{"id":22836,"href":"https:\/\/www.amicsdelpais.com\/es\/wp-json\/wp\/v2\/pages\/2226\/revisions\/22836"}],"wp:attachment":[{"href":"https:\/\/www.amicsdelpais.com\/es\/wp-json\/wp\/v2\/media?parent=2226"}],"curies":[{"name":"wp","href":"https:\/\/api.w.org\/{rel}","templated":true}]}}